{"id":4937,"date":"2025-11-12T01:44:36","date_gmt":"2025-11-12T00:44:36","guid":{"rendered":"http:\/\/atstransport.eu\/?post_type=product&#038;p=4937"},"modified":"2026-01-10T08:43:30","modified_gmt":"2026-01-10T07:43:30","slug":"privat-umzug-mit-aushilfe-2","status":"publish","type":"product","link":"https:\/\/atstransport.eu\/?product=privat-umzug-mit-aushilfe-2","title":{"rendered":"Privat Umzug mit Aushilfe (2)"},"content":{"rendered":"<p style=\"text-align: left;\">Ein privater Umzug mit Aushilfe 2 Personen erfordert eine sorgf\u00e4ltige Planung, bei der der Schwerpunkt auf der eigenen k\u00f6rperlichen Belastung und dem Zeitaufwand liegt.<\/p>\n<p style=\"text-align: left;\"><!--more--><br \/>\nDie Preise f\u00fcr einen privaten Umzug variieren stark, liegen aber durchschnittlich<br \/>\nzwischen 600 \u20ac und 3.500 \u20ac, abh\u00e4ngig von der Wohnungsgr\u00f6\u00dfe, Entfernung und den gew\u00fcnschten Zusatzleistungen.<br \/>\nEin lokaler Umzug f\u00fcr eine 40 m\u00b2-Wohnung kann ab etwa 400 \u20ac kosten, w\u00e4hrend ein Fernumzug f\u00fcr eine gr\u00f6\u00dfere Wohnung (ca. 60 m\u00b2) zwischen 1.000 \u20ac und 2.400 \u20ac kosten kann.<\/p>\n","protected":false},"excerpt":{"rendered":"<div data-subtree=\"aimfl,mfl\" jscontroller=\"v48bt\" jsuid=\"u1zWwf_a\" data-processed=\"true\">\n<div data-subtree=\"aimfl,mfl\" jscontroller=\"v48bt\" jsuid=\"dmTjMb_a\" data-processed=\"true\" style=\"text-align: left;\">Die Preise f\u00fcr einen privaten Umzug variieren stark, liegen aber durchschnittlich<br \/>\nzwischen 1 und 15 Stunden, abh\u00e4ngig von der Wohnungsgr\u00f6\u00dfe.<\/div>\n<div data-subtree=\"aimfl,mfl\" jscontroller=\"v48bt\" jsuid=\"dmTjMb_a\" data-processed=\"true\" style=\"text-align: left;\">Ein privater Umzug mit Aushilfe 2 Personen erfordert<\/div>\n<div data-subtree=\"aimfl,mfl\" jscontroller=\"v48bt\" jsuid=\"dmTjMb_a\" data-processed=\"true\"><\/div>\n<\/div>\n","protected":false},"featured_media":5041,"comment_status":"open","ping_status":"closed","template":"","meta":[],"product_brand":[450,423,406],"product_cat":[408,451,409],"product_tag":[416,453],"class_list":{"0":"post-4937","1":"product","2":"type-product","3":"status-publish","4":"has-post-thumbnail","6":"product_brand-moebeltransport","7":"product_brand-privat-transport","8":"product_brand-privat-umzug","9":"product_cat-andere-transport-tarife","10":"product_cat-moebeltransport","11":"product_cat-privat-transport-tarife","12":"product_tag-privat-umzug","13":"product_tag-privat-umzug-mit-aushilfe-2","15":"first","16":"instock","17":"sale","18":"purchasable","19":"product-type-simple"},"_links":{"self":[{"href":"https:\/\/atstransport.eu\/index.php?rest_route=\/wp\/v2\/product\/4937","targetHints":{"allow":["GET"]}}],"collection":[{"href":"https:\/\/atstransport.eu\/index.php?rest_route=\/wp\/v2\/product"}],"about":[{"href":"https:\/\/atstransport.eu\/index.php?rest_route=\/wp\/v2\/types\/product"}],"replies":[{"embeddable":true,"href":"https:\/\/atstransport.eu\/index.php?rest_route=%2Fwp%2Fv2%2Fcomments&post=4937"}],"wp:featuredmedia":[{"embeddable":true,"href":"https:\/\/atstransport.eu\/index.php?rest_route=\/wp\/v2\/media\/5041"}],"wp:attachment":[{"href":"https:\/\/atstransport.eu\/index.php?rest_route=%2Fwp%2Fv2%2Fmedia&parent=4937"}],"wp:term":[{"taxonomy":"product_brand","embeddable":true,"href":"https:\/\/atstransport.eu\/index.php?rest_route=%2Fwp%2Fv2%2Fproduct_brand&post=4937"},{"taxonomy":"product_cat","embeddable":true,"href":"https:\/\/atstransport.eu\/index.php?rest_route=%2Fwp%2Fv2%2Fproduct_cat&post=4937"},{"taxonomy":"product_tag","embeddable":true,"href":"https:\/\/atstransport.eu\/index.php?rest_route=%2Fwp%2Fv2%2Fproduct_tag&post=4937"}],"curies":[{"name":"wp","href":"https:\/\/api.w.org\/{rel}","templated":true}]}}