{"id":4932,"date":"2025-11-12T00:43:44","date_gmt":"2025-11-11T23:43:44","guid":{"rendered":"http:\/\/atstransport.eu\/?post_type=product&#038;p=4932"},"modified":"2026-01-10T08:39:52","modified_gmt":"2026-01-10T07:39:52","slug":"moebeltransport-mit-aushilfe","status":"publish","type":"product","link":"https:\/\/atstransport.eu\/?product=moebeltransport-mit-aushilfe","title":{"rendered":"M\u00f6beltransport mit Aushilfe 2"},"content":{"rendered":"<p style=\"text-align: left;\">Die Kosten f\u00fcr einen M\u00f6beltransport variieren je nach Art des Transports, Umfang und ben\u00f6tigter Zusatzleistungen.<br \/>\nDie Preise reichen von etwa 65\u2013600 \u20ac pro Stunde f\u00fcr einen Transporter mit 1- Helfern bis hin zu Pauschalpreisen von mehreren hundert Euro<br \/>\nf\u00fcr einen Komplettservice oder einen nationalen M\u00f6beltransport.<\/p>\n<div data-subtree=\"aimfl,mfl\" jscontroller=\"v48bt\" jsuid=\"dmTjMb_a\" data-processed=\"true\" style=\"text-align: left;\">Zusatzleistungen.<\/div>\n<div data-subtree=\"aimfl,mfl\" jscontroller=\"v48bt\" jsuid=\"dmTjMb_a\" data-processed=\"true\" style=\"text-align: left;\">variieren stark, liegen aber durchschnittlich zwischen 1 und 8 Stunden Aushilfe 2 Personen.<\/div>\n<p style=\"text-align: left;\"><!--more--><br \/>\n<span>Ob bei einem Umzug oder bei einem Transport in einen SelfStorage: M\u00f6beltransporte sind eine aufwendige Sache. Welche Kosten f\u00fcr den Transport von M\u00f6beln zu rechnen sind und welche Kostenunterschiede es dabei geben kann, dar\u00fcber sprechen wir mit dem Kostencheck-Experten in unserem Interview.<\/span><\/p>\n","protected":false},"excerpt":{"rendered":"<div data-subtree=\"aimfl,mfl\" jscontroller=\"v48bt\" jsuid=\"u1zWwf_a\" data-processed=\"true\">\n<div data-subtree=\"aimfl,mfl\" jscontroller=\"v48bt\" jsuid=\"dmTjMb_a\" data-processed=\"true\" style=\"text-align: left;\">Die Preise f\u00fcr einen privaten\u00a0M\u00f6beltransport variieren je nach Art des Transports, Umfang und ben\u00f6tigter Zusatzleistungen.<\/div>\n<div data-subtree=\"aimfl,mfl\" jscontroller=\"v48bt\" jsuid=\"dmTjMb_a\" data-processed=\"true\" style=\"text-align: left;\">variieren stark, liegen aber durchschnittlich zwischen 1 und 8 Stunden Aushilfe 2 Personen.<\/div>\n<\/div>\n","protected":false},"featured_media":5041,"comment_status":"open","ping_status":"closed","template":"","meta":[],"product_brand":[422,450],"product_cat":[408,451,409],"product_tag":[452],"class_list":{"0":"post-4932","1":"product","2":"type-product","3":"status-publish","4":"has-post-thumbnail","6":"product_brand-andere-transport","7":"product_brand-moebeltransport","8":"product_cat-andere-transport-tarife","9":"product_cat-moebeltransport","10":"product_cat-privat-transport-tarife","11":"product_tag-moebeltransport","13":"first","14":"instock","15":"sale","16":"purchasable","17":"product-type-simple"},"_links":{"self":[{"href":"https:\/\/atstransport.eu\/index.php?rest_route=\/wp\/v2\/product\/4932","targetHints":{"allow":["GET"]}}],"collection":[{"href":"https:\/\/atstransport.eu\/index.php?rest_route=\/wp\/v2\/product"}],"about":[{"href":"https:\/\/atstransport.eu\/index.php?rest_route=\/wp\/v2\/types\/product"}],"replies":[{"embeddable":true,"href":"https:\/\/atstransport.eu\/index.php?rest_route=%2Fwp%2Fv2%2Fcomments&post=4932"}],"wp:featuredmedia":[{"embeddable":true,"href":"https:\/\/atstransport.eu\/index.php?rest_route=\/wp\/v2\/media\/5041"}],"wp:attachment":[{"href":"https:\/\/atstransport.eu\/index.php?rest_route=%2Fwp%2Fv2%2Fmedia&parent=4932"}],"wp:term":[{"taxonomy":"product_brand","embeddable":true,"href":"https:\/\/atstransport.eu\/index.php?rest_route=%2Fwp%2Fv2%2Fproduct_brand&post=4932"},{"taxonomy":"product_cat","embeddable":true,"href":"https:\/\/atstransport.eu\/index.php?rest_route=%2Fwp%2Fv2%2Fproduct_cat&post=4932"},{"taxonomy":"product_tag","embeddable":true,"href":"https:\/\/atstransport.eu\/index.php?rest_route=%2Fwp%2Fv2%2Fproduct_tag&post=4932"}],"curies":[{"name":"wp","href":"https:\/\/api.w.org\/{rel}","templated":true}]}}