{"id":4899,"date":"2025-11-11T16:44:42","date_gmt":"2025-11-11T15:44:42","guid":{"rendered":"http:\/\/atstransport.eu\/?post_type=product&#038;p=4899"},"modified":"2026-01-10T08:33:04","modified_gmt":"2026-01-10T07:33:04","slug":"privat-umzug-ohne-aushilfe-gs","status":"publish","type":"product","link":"https:\/\/atstransport.eu\/?product=privat-umzug-ohne-aushilfe-gs","title":{"rendered":"Privat Umzug ohne Aushilfe (GS)"},"content":{"rendered":"<p style=\"text-align: left;\">Ein privater Umzug ohne Aushilfe erfordert eine sorgf\u00e4ltige Planung, bei der der Schwerpunkt auf der eigenen k\u00f6rperlichen Belastung und dem Zeitaufwand liegt.<br \/>\nUm den Umzug zu bew\u00e4ltigen, k\u00f6nnen Sie Helfer aus Familie und Freundeskreis mobilisieren, die Organisation des Transports und der Packmaterialien \u00fcbernehmen und die Pack-und Transportarbeiten selbst durchf\u00fchren.<\/p>\n<p style=\"text-align: left;\"><!--more--><br \/>\nF\u00fcr das Schleppen schwerer M\u00f6bel oder das Packen k\u00f6nnen Sie beispielsweise Studenten \u00fcber eine Vermittlungsplattform buchen oder professionelle M\u00f6belpacker stundenweise engagieren, auch wenn Sie keine komplette Spedition beauftragen.<br \/>\nDie Preise f\u00fcr einen privaten Umzug variieren stark, liegen aber durchschnittlich<br \/>\nzwischen 600 \u20ac und 3.500 \u20ac, abh\u00e4ngig von der Wohnungsgr\u00f6\u00dfe, Entfernung und den gew\u00fcnschten Zusatzleistungen.<br \/>\nEin lokaler Umzug f\u00fcr eine 40 m\u00b2-Wohnung kann ab etwa 400 \u20ac kosten, w\u00e4hrend ein Fernumzug f\u00fcr eine gr\u00f6\u00dfere Wohnung (ca. 60 m\u00b2) zwischen 1.000 \u20ac und 2.400 \u20ac kosten kann.<\/p>\n","protected":false},"excerpt":{"rendered":"<div data-subtree=\"aimfl,mfl\" jscontroller=\"v48bt\" jsuid=\"u1zWwf_a\" data-processed=\"true\">\n<div data-subtree=\"aimfl,mfl\" jscontroller=\"v48bt\" jsuid=\"dmTjMb_a\" data-processed=\"true\" style=\"text-align: left;\">Die Preise f\u00fcr einen privaten Umzug variieren stark, liegen aber durchschnittlich<br \/>\nzwischen 1 und 15 Stunden, abh\u00e4ngig von der Wohnungsgr\u00f6\u00dfe.<\/div>\n<\/div>\n","protected":false},"featured_media":5041,"comment_status":"open","ping_status":"closed","template":"","meta":[],"product_brand":[406],"product_cat":[409],"product_tag":[416],"class_list":{"0":"post-4899","1":"product","2":"type-product","3":"status-publish","4":"has-post-thumbnail","6":"product_brand-privat-umzug","7":"product_cat-privat-transport-tarife","8":"product_tag-privat-umzug","10":"first","11":"instock","12":"sale","13":"purchasable","14":"product-type-simple"},"_links":{"self":[{"href":"https:\/\/atstransport.eu\/index.php?rest_route=\/wp\/v2\/product\/4899","targetHints":{"allow":["GET"]}}],"collection":[{"href":"https:\/\/atstransport.eu\/index.php?rest_route=\/wp\/v2\/product"}],"about":[{"href":"https:\/\/atstransport.eu\/index.php?rest_route=\/wp\/v2\/types\/product"}],"replies":[{"embeddable":true,"href":"https:\/\/atstransport.eu\/index.php?rest_route=%2Fwp%2Fv2%2Fcomments&post=4899"}],"wp:featuredmedia":[{"embeddable":true,"href":"https:\/\/atstransport.eu\/index.php?rest_route=\/wp\/v2\/media\/5041"}],"wp:attachment":[{"href":"https:\/\/atstransport.eu\/index.php?rest_route=%2Fwp%2Fv2%2Fmedia&parent=4899"}],"wp:term":[{"taxonomy":"product_brand","embeddable":true,"href":"https:\/\/atstransport.eu\/index.php?rest_route=%2Fwp%2Fv2%2Fproduct_brand&post=4899"},{"taxonomy":"product_cat","embeddable":true,"href":"https:\/\/atstransport.eu\/index.php?rest_route=%2Fwp%2Fv2%2Fproduct_cat&post=4899"},{"taxonomy":"product_tag","embeddable":true,"href":"https:\/\/atstransport.eu\/index.php?rest_route=%2Fwp%2Fv2%2Fproduct_tag&post=4899"}],"curies":[{"name":"wp","href":"https:\/\/api.w.org\/{rel}","templated":true}]}}