{"id":4898,"date":"2025-11-11T16:35:33","date_gmt":"2025-11-11T15:35:33","guid":{"rendered":"http:\/\/atstransport.eu\/?post_type=product&#038;p=4898"},"modified":"2026-01-10T08:49:12","modified_gmt":"2026-01-10T07:49:12","slug":"privat-direktfahrten-gs","status":"publish","type":"product","link":"https:\/\/atstransport.eu\/?product=privat-direktfahrten-gs","title":{"rendered":"Privat Direktfahrten (GS)"},"content":{"rendered":"\r\n<p style=\"text-align: left;\"><a href=\"https:\/\/atstransport.eu\/?product=direktfahrten\">Privat Direktfahrt<\/a><\/p>\r\n<p style=\"text-align: left;\">auch bekannt als Privat Direktfahrten \u2013 bezeichnen eine spezielle Transportl\u00f6sung, bei der eine Sendung ohne Umladung oder Zwischenstopp direkt vom Absender zum Empf\u00e4nger transportiert wird.<br \/>Diese Form des Transports ist besonders f\u00fcr zeitkritische, empfindliche oder wertvolle G\u00fcter geeignet, da sie maximale Sicherheit, Schnelligkeit und Zuverl\u00e4ssigkeit garantiert.<br \/>Im Gegensatz zu standardisierten Versandarten, bei denen Sendungen h\u00e4ufig in Verteilzentren umgeschlagen und mit anderen Waren zusammengef\u00fchrt werden, erfolgt bei einer Direktfahrt der Transport exklusiv f\u00fcr eine einzige Sendung.<\/p>\r\n<p>&nbsp;<\/p>\r\n","protected":false},"excerpt":{"rendered":"<p style=\"text-align: left;\">Was bedeuten Privat Direktfahrt !<\/p>\n<p style=\"text-align: left;\">den Transport einer Sendung auf dem direktesten Weg vom Absender zum Empf\u00e4nger, ohne Umwege, Umladungen oder Zwischenstopps.<\/p>\n","protected":false},"featured_media":5041,"comment_status":"open","ping_status":"closed","template":"","meta":[],"product_brand":[422,407,423,405],"product_cat":[408,409],"product_tag":[410,424,425],"class_list":{"0":"post-4898","1":"product","2":"type-product","3":"status-publish","4":"has-post-thumbnail","6":"product_brand-andere-transport","7":"product_brand-direktfahrten","8":"product_brand-privat-transport","9":"product_brand-transport-dienstleistungen","10":"product_cat-andere-transport-tarife","11":"product_cat-privat-transport-tarife","12":"product_tag-direktfahrten","13":"product_tag-privat","14":"product_tag-privat-transport","16":"first","17":"instock","18":"sale","19":"purchasable","20":"product-type-simple"},"_links":{"self":[{"href":"https:\/\/atstransport.eu\/index.php?rest_route=\/wp\/v2\/product\/4898","targetHints":{"allow":["GET"]}}],"collection":[{"href":"https:\/\/atstransport.eu\/index.php?rest_route=\/wp\/v2\/product"}],"about":[{"href":"https:\/\/atstransport.eu\/index.php?rest_route=\/wp\/v2\/types\/product"}],"replies":[{"embeddable":true,"href":"https:\/\/atstransport.eu\/index.php?rest_route=%2Fwp%2Fv2%2Fcomments&post=4898"}],"wp:featuredmedia":[{"embeddable":true,"href":"https:\/\/atstransport.eu\/index.php?rest_route=\/wp\/v2\/media\/5041"}],"wp:attachment":[{"href":"https:\/\/atstransport.eu\/index.php?rest_route=%2Fwp%2Fv2%2Fmedia&parent=4898"}],"wp:term":[{"taxonomy":"product_brand","embeddable":true,"href":"https:\/\/atstransport.eu\/index.php?rest_route=%2Fwp%2Fv2%2Fproduct_brand&post=4898"},{"taxonomy":"product_cat","embeddable":true,"href":"https:\/\/atstransport.eu\/index.php?rest_route=%2Fwp%2Fv2%2Fproduct_cat&post=4898"},{"taxonomy":"product_tag","embeddable":true,"href":"https:\/\/atstransport.eu\/index.php?rest_route=%2Fwp%2Fv2%2Fproduct_tag&post=4898"}],"curies":[{"name":"wp","href":"https:\/\/api.w.org\/{rel}","templated":true}]}}