{"id":4748,"date":"2025-11-07T15:16:51","date_gmt":"2025-11-07T14:16:51","guid":{"rendered":"http:\/\/atstransport.eu\/?post_type=product&#038;p=4748"},"modified":"2025-11-09T21:43:33","modified_gmt":"2025-11-09T20:43:33","slug":"direktfahrten","status":"publish","type":"product","link":"https:\/\/atstransport.eu\/?product=direktfahrten","title":{"rendered":"Gewerbe Direktfahrten"},"content":{"rendered":"\r\n<p style=\"text-align: left;\"><a href=\"https:\/\/atstransport.eu\/?product=direktfahrten\">Direktfahrt<\/a><\/p>\r\n<p style=\"text-align: left;\">Gewerbe Transport<\/p>\r\n<div data-subtree=\"aimfl,mfl\" jscontroller=\"v48bt\" jsuid=\"I3VUEb_a\" data-processed=\"true\">Gewerbe Transport Tarife Deutschland&#8220; bezieht sich auf die Preise f\u00fcr gewerblichen G\u00fctertransport in Deutschland, die von Faktoren wie Entfernung, Fahrzeuggewicht, Transportart und der Art des Transportunternehmens abh\u00e4ngen<\/div>\r\n<p style=\"text-align: left;\"><span>. Es umfasst die Kosten f\u00fcr die Dienstleistung eines Transportunternehmens, das G\u00fcter gegen Entgelt bef\u00f6rdert, und erfordert f\u00fcr Fahrzeuge \u00fcber 3,5 Tonnen Gesamtgewicht eine spezielle Erlaubnis.<\/span><span jsuid=\"I3VUEb_b\" class=\"uJ19be notranslate\" jsaction=\"rcuQ6b:&amp;I3VUEb_b|npT2md\" jscontroller=\"udAs2b\" data-wiz-uids=\"I3VUEb_b,I3VUEb_c\" data-processed=\"true\"><span class=\"vKEkVd\" data-animation-atomic=\"\" data-processed=\"true\">\u00a0<\/span><\/span><\/p>\r\n<p>&nbsp;<\/p>\r\n","protected":false},"excerpt":{"rendered":"<p style=\"text-align: left;\">Was bedeuten Direktfahrt !<\/p>\n<p style=\"text-align: left;\">den Transport einer Sendung auf dem direktesten Weg vom Absender zum Empf\u00e4nger, ohne Umwege, Umladungen oder Zwischenstopps.<\/p>\n","protected":false},"featured_media":4775,"comment_status":"open","ping_status":"closed","template":"","meta":[],"product_brand":[407,420],"product_cat":[419],"product_tag":[410],"class_list":{"0":"post-4748","1":"product","2":"type-product","3":"status-publish","4":"has-post-thumbnail","6":"product_brand-direktfahrten","7":"product_brand-gewerbe-transport","8":"product_cat-gewerbe-transport","9":"product_tag-direktfahrten","11":"first","12":"instock","13":"sale","14":"purchasable","15":"product-type-simple"},"_links":{"self":[{"href":"https:\/\/atstransport.eu\/index.php?rest_route=\/wp\/v2\/product\/4748","targetHints":{"allow":["GET"]}}],"collection":[{"href":"https:\/\/atstransport.eu\/index.php?rest_route=\/wp\/v2\/product"}],"about":[{"href":"https:\/\/atstransport.eu\/index.php?rest_route=\/wp\/v2\/types\/product"}],"replies":[{"embeddable":true,"href":"https:\/\/atstransport.eu\/index.php?rest_route=%2Fwp%2Fv2%2Fcomments&post=4748"}],"wp:featuredmedia":[{"embeddable":true,"href":"https:\/\/atstransport.eu\/index.php?rest_route=\/wp\/v2\/media\/4775"}],"wp:attachment":[{"href":"https:\/\/atstransport.eu\/index.php?rest_route=%2Fwp%2Fv2%2Fmedia&parent=4748"}],"wp:term":[{"taxonomy":"product_brand","embeddable":true,"href":"https:\/\/atstransport.eu\/index.php?rest_route=%2Fwp%2Fv2%2Fproduct_brand&post=4748"},{"taxonomy":"product_cat","embeddable":true,"href":"https:\/\/atstransport.eu\/index.php?rest_route=%2Fwp%2Fv2%2Fproduct_cat&post=4748"},{"taxonomy":"product_tag","embeddable":true,"href":"https:\/\/atstransport.eu\/index.php?rest_route=%2Fwp%2Fv2%2Fproduct_tag&post=4748"}],"curies":[{"name":"wp","href":"https:\/\/api.w.org\/{rel}","templated":true}]}}