{"id":4480,"date":"2025-11-03T06:49:47","date_gmt":"2025-11-03T05:49:47","guid":{"rendered":"http:\/\/atstransport.eu\/?page_id=4480"},"modified":"2025-11-06T11:02:25","modified_gmt":"2025-11-06T10:02:25","slug":"bankverbindung","status":"publish","type":"page","link":"https:\/\/atstransport.eu\/?page_id=4480","title":{"rendered":"Bankverbindung"},"content":{"rendered":"\n<div class=\"wp-block-columns is-layout-flex wp-container-core-columns-is-layout-28f84493 wp-block-columns-is-layout-flex\">\n<div class=\"wp-block-column is-layout-flow wp-block-column-is-layout-flow\">\n<figure class=\"wp-block-image size-large\"><img loading=\"lazy\" width=\"1024\" height=\"683\" src=\"https:\/\/atstransport.eu\/wp-content\/uploads\/2025\/11\/IMG_8745-1024x683.jpg\" alt=\"\" class=\"wp-image-4369\" srcset=\"https:\/\/atstransport.eu\/wp-content\/uploads\/2025\/11\/IMG_8745-1024x683.jpg 1024w, https:\/\/atstransport.eu\/wp-content\/uploads\/2025\/11\/IMG_8745-300x200.jpg 300w, https:\/\/atstransport.eu\/wp-content\/uploads\/2025\/11\/IMG_8745-768x512.jpg 768w, https:\/\/atstransport.eu\/wp-content\/uploads\/2025\/11\/IMG_8745-360x240.jpg 360w, https:\/\/atstransport.eu\/wp-content\/uploads\/2025\/11\/IMG_8745-600x400.jpg 600w, https:\/\/atstransport.eu\/wp-content\/uploads\/2025\/11\/IMG_8745.jpg 1200w\" sizes=\"auto, (max-width: 1024px) 100vw, 1024px\" \/><\/figure>\n<\/div>\n\n\n\n<div class=\"wp-block-column is-layout-flow wp-block-column-is-layout-flow\">\n<details class=\"wp-block-details is-layout-flow wp-block-details-is-layout-flow\"><summary><strong>UNSERE BANKVERBINDUNG:<\/strong><br><br>ALEXANDER BRAUN<br>BANK N26<br>IBAN: DE22 1001 1001 2623 5381 45<br>BIC: NTSBDEB1XXX<br>BETREFT: Ihre Name Datum und Transportart (Umzug)<\/summary>\n<p><\/p>\n<\/details>\n<\/div>\n<\/div>\n\n\n<p><a href=\"https:\/\/www.paypal.com\/paypalme\/ATSTransportEU\"><strong>UNSERE BANKVERBINDUNG PAYPAL<\/strong><\/a><\/p>\n<p>viele Transportdienstleister akzeptieren PayPal, oft als sichere und bequeme Option im Checkout-Prozess.<\/p>\n<p>Sie k\u00f6nnen Ihre Transportkosten bei Anbietern, die PayPal anbieten, direkt \u00fcber Ihr PayPal-Konto bezahlen, indem Sie die Weiterleitung w\u00e4hrend der Bestellung nutzen.<\/p>\n<p><strong>So bezahlen Sie eine Transportdienstleistung mit PayPal<\/strong><br \/><strong>Anbieter ausw\u00e4hlen:<\/strong><\/p>\n<p>W\u00e4hlen Sie einen Transportdienstleister aus, der PayPal als Zahlungsmethode anbietet.<br \/><strong>Bestellung abschlie\u00dfen: <\/strong><\/p>\n<p>Geben Sie Ihre Bestelldaten in das Online-Formular des Anbieters ein.<br \/>Zahlungsmethode w\u00e4hlen: W\u00e4hlen Sie bei der Kaufabwicklung die Option \u201ePayPal\u201c aus.<br \/>Weiterleitung zu PayPal: Sie werden zu PayPal weitergeleitet, um die Zahlung zu best\u00e4tigen.<br \/>Zahlung autorisieren: Melden Sie sich in Ihrem PayPal-Konto an und best\u00e4tigen Sie die Zahlung, die Sie direkt an das Transportunternehmen senden.<br \/>Zahlung abschlie\u00dfen: Schlie\u00dfen Sie den Vorgang ab. PayPal leitet die Zahlung automatisch an den H\u00e4ndler weiter.<\/p>\n<p><strong>Wichtige Hinweise<\/strong><br \/>K\u00e4uferschutz: Zahlungen f\u00fcr Dienstleistungen wie Transport sind \u00fcber den PayPal-K\u00e4uferschutz abgesichert, falls es zu Problemen mit der Leistung kommt, wie z. B. einer falschen oder ausbleibenden Lieferung.<br \/><strong><\/strong><\/p>\n<p><strong>PayPal-Geb\u00fchren:<\/strong><\/p>\n<p><span>Die Kosten f\u00fcr PayPal-Zahlungen werden normalerweise vom Verk\u00e4ufer getragen. Ob und wie die Geb\u00fchren berechnet werden, h\u00e4ngt vom jeweiligen H\u00e4ndler ab.<\/span><\/p>\n<p><strong>Fehlerhafte Zahlungen: <\/strong><\/p>\n<p>Falls Sie eine falsche oder nicht autorisierte Zahlung get\u00e4tigt haben, k\u00f6nnen Sie sich mit dem H\u00e4ndler \u00fcber die \u201eKonfliktl\u00f6sungen\u201c auf der PayPal-Website in Verbindung setzen.<\/p>\n\n\n<div class=\"wp-block-columns is-layout-flex wp-container-core-columns-is-layout-28f84493 wp-block-columns-is-layout-flex\">\n<div class=\"wp-block-column is-layout-flow wp-block-column-is-layout-flow\">\n<figure class=\"wp-block-image size-full is-resized\"><img loading=\"lazy\" width=\"500\" height=\"475\" src=\"https:\/\/atstransport.eu\/wp-content\/uploads\/2025\/11\/Privat-Umzug-1-qrcode.png\" alt=\"Privat-Umzug-1-\" class=\"wp-image-4661\" style=\"width:232px;height:auto\"\/><figcaption class=\"wp-element-caption\">Gewerbe<\/figcaption><\/figure>\n<\/div>\n\n\n\n<div class=\"wp-block-column is-layout-flow wp-block-column-is-layout-flow\">\n<figure class=\"wp-block-image size-full is-resized\"><img loading=\"lazy\" width=\"500\" height=\"500\" src=\"https:\/\/atstransport.eu\/wp-content\/uploads\/2025\/11\/Privat-1-qrcode.png\" alt=\"\" class=\"wp-image-4660\" style=\"width:230px;height:auto\" srcset=\"https:\/\/atstransport.eu\/wp-content\/uploads\/2025\/11\/Privat-1-qrcode.png 500w, https:\/\/atstransport.eu\/wp-content\/uploads\/2025\/11\/Privat-1-qrcode-230x230.png 230w, https:\/\/atstransport.eu\/wp-content\/uploads\/2025\/11\/Privat-1-qrcode-160x160.png 160w, https:\/\/atstransport.eu\/wp-content\/uploads\/2025\/11\/Privat-1-qrcode-300x300.png 300w, https:\/\/atstransport.eu\/wp-content\/uploads\/2025\/11\/Privat-1-qrcode-150x150.png 150w\" sizes=\"auto, (max-width: 500px) 100vw, 500px\" \/><figcaption class=\"wp-element-caption\">Privat<\/figcaption><\/figure>\n<\/div>\n<\/div>\n\n\n\n<div id=\"paypal-float-button\">\n  <a href=\"https:\/\/www.paypal.com\/paypalme\/ATSTransportEU\" \n     target=\"_blank\" rel=\"noopener noreferrer\" data-tooltip=\"\u041e\u043f\u043b\u0430\u0442\u0438\u0442\u044c \u0437\u0430\u043a\u0430\u0437 \u0447\u0435\u0440\u0435\u0437 PayPal\">\n    <svg viewBox=\"0 0 24 24\" xmlns=\"http:\/\/www.w3.org\/2000\/svg\">\n      <path fill=\"#ffffff\" d=\"M21.5 6.5c-.3-1.1-1.1-2-2.2-2.5C18.3 3.4 17.1 3.1 15.8 3H7.7c-.5 0-.9.4-1 .8L4 19.2c0 .4.2.8.7.8h3c.4 0 .8-.3.9-.7l.5-2.7c.1-.4.4-.7.9-.7h1.7c3.8 0 6.8-1.6 7.6-5.7.2-.9.2-1.7.2-2.4 0-.4 0-.9-.1-1.3zM16.9 9c-.4 2.3-2.2 3.2-4.4 3.2h-1.8c-.5 0-.8.3-.9.7l-.3 1.6-.5 2.8h-1.6l2.3-12.5h5.3c1.1 0 2.1.3 2.8.8.7.5 1.1 1.2 1.1 2.1 0 .5 0 .9-.1 1.3-.1.3-.1.6-.1 1z\"\/>\n    <\/svg>\n    <span>Pay with PayPal<\/span>\n  <\/a>\n<\/div>\n\n<style>\n#paypal-float-button {\n  position: fixed;\n  right: 18px;\n  bottom: 160px; \/* \u0447\u0443\u0442\u044c \u0432\u044b\u0448\u0435 Telegram\/WhatsApp *\/\n  z-index: 9999;\n  animation: fadeInUp 0.8s ease forwards;\n}\n\n\/* \u0421\u0442\u0438\u043b\u0438 \u043a\u043d\u043e\u043f\u043a\u0438 *\/\n#paypal-float-button a {\n  display: flex;\n  align-items: center;\n  gap: 10px;\n  padding: 12px 20px;\n  background: rgba(0, 92, 255, 0.9);\n  border-radius: 40px;\n  color: #fff;\n  font-weight: 600;\n  text-decoration: none;\n  font-size: 15px;\n  letter-spacing: 0.3px;\n  box-shadow: 0 6px 15px rgba(0,0,0,0.25);\n  transition: all 0.3s ease;\n  backdrop-filter: blur(6px);\n  position: relative;\n}\n\n#paypal-float-button svg {\n  width: 26px;\n  height: 26px;\n  fill: #fff;\n  transition: transform 0.3s ease;\n}\n\n#paypal-float-button a:hover {\n  background: linear-gradient(135deg, #0070ba, #1546a0);\n  transform: translateY(-3px);\n  box-shadow: 0 10px 25px rgba(0,0,0,0.35);\n}\n\n#paypal-float-button a:hover svg {\n  transform: rotate(-8deg) scale(1.05);\n}\n\n\/* \u041f\u043e\u0434\u0441\u043a\u0430\u0437\u043a\u0430 *\/\n#paypal-float-button a::after {\n  content: attr(data-tooltip);\n  position: absolute;\n  right: 110%;\n  top: 50%;\n  transform: translateY(-50%);\n  background: rgba(0,0,0,0.85);\n  color: #fff;\n  padding: 6px 10px;\n  border-radius: 6px;\n  font-size: 13px;\n  white-space: nowrap;\n  opacity: 0;\n  pointer-events: none;\n  transition: opacity 0.25s ease;\n}\n\n#paypal-float-button a:hover::after {\n  opacity: 1;\n}\n\n\/* \u0410\u043d\u0438\u043c\u0430\u0446\u0438\u044f \u043f\u043e\u044f\u0432\u043b\u0435\u043d\u0438\u044f *\/\n@keyframes fadeInUp {\n  0% { opacity: 0; transform: translateY(30px); }\n  100% { opacity: 1; transform: translateY(0); }\n}\n\n\/* \u041c\u043e\u0431\u0438\u043b\u044c\u043d\u0430\u044f \u0430\u0434\u0430\u043f\u0442\u0430\u0446\u0438\u044f *\/\n@media (max-width: 600px) {\n  #paypal-float-button {\n    bottom: 120px;\n    right: 12px;\n  }\n  #paypal-float-button a {\n    padding: 10px 16px;\n    font-size: 14px;\n  }\n  #paypal-float-button span {\n    display: none; \/* \u0441\u043a\u0440\u044b\u0432\u0430\u0435\u043c \u0442\u0435\u043a\u0441\u0442, \u043e\u0441\u0442\u0430\u0432\u043b\u044f\u0435\u043c \u0438\u043a\u043e\u043d\u043a\u0443 *\/\n  }\n  #paypal-float-button a::after {\n    display: none;\n  }\n}\n<\/style>\n\n\n\n<div id=\"paypal-float-btn\">\n  <button id=\"openPayPalModal\">\n    <svg viewBox=\"0 0 24 24\">\n      <path fill=\"#fff\" d=\"M21.5 6.5c-.3-1.1-1.1-2-2.2-2.5C18.3 3.4 17.1 3.1 15.8 3H7.7c-.5 0-.9.4-1 .8L4 19.2c0 .4.2.8.7.8h3c.4 0 .8-.3.9-.7l.5-2.7c.1-.4.4-.7.9-.7h1.7c3.8 0 6.8-1.6 7.6-5.7.2-.9.2-1.7.2-2.4 0-.4 0-.9-.1-1.3zM16.9 9c-.4 2.3-2.2 3.2-4.4 3.2h-1.8c-.5 0-.8.3-.9.7l-.3 1.6-.5 2.8h-1.6l2.3-12.5h5.3c1.1 0 2.1.3 2.8.8.7.5 1.1 1.2 1.1 2.1 0 .5 0 .9-.1 1.3-.1.3-.1.6-.1 1z\"\/>\n    <\/svg>\n    <span>Pay with PayPal<\/span>\n  <\/button>\n<\/div>\n\n<!-- \u041c\u043e\u0434\u0430\u043b\u044c\u043d\u043e\u0435 \u043e\u043a\u043d\u043e -->\n<div id=\"paypalModal\" class=\"paypal-modal\">\n  <div class=\"paypal-modal-content\">\n    <span class=\"close-modal\">&times;<\/span>\n    <h3>Bezahlen Sie f\u00fcr die Bestellung<\/h3>\n    <p>W\u00e4hlen Sie den Zahlungsbetrag:<\/p>\n\n    <div class=\"amount-options\">\n      <button class=\"amount-btn\" data-amount=\"50\">50 \u20ac<\/button>\n      <button class=\"amount-btn\" data-amount=\"100\">100 \u20ac<\/button>\n      <button class=\"amount-btn\" data-amount=\"150\">150 \u20ac<\/button>\n    <\/div>\n\n    <a id=\"https:\/\/www.paypal.com\/paypalme\/ATSTransportEU\" href=\"https:\/\/www.paypal.com\/paypalme\/ATSTransportEU\" target=\"_blank\" class=\"paypal-action-btn\">Gehe zur Zahlung<\/a>\n  <\/div>\n<\/div>\n\n<style>\n\/* ===== \u041f\u043b\u0430\u0432\u0430\u044e\u0449\u0430\u044f \u043a\u043d\u043e\u043f\u043a\u0430 ===== *\/\n#paypal-float-btn {\n  position: fixed;\n  right: 18px;\n  bottom: 55px;\n  z-index: 9999;\n  animation: fadeInUp 0.8s ease forwards;\n}\n#paypal-float-btn button {\n  display: flex;\n  align-items: center;\n  gap: 10px;\n  padding: 12px 20px;\n  background: linear-gradient(135deg, #0070ba, #003087);\n  border-radius: 40px;\n  border: none;\n  color: #fff;\n  font-weight: 600;\n  cursor: pointer;\n  font-size: 15px;\n  box-shadow: 0 6px 15px rgba(0,0,0,0.25);\n  transition: all 0.3s ease;\n}\n#paypal-float-btn button:hover {\n  transform: translateY(-3px);\n  box-shadow: 0 10px 25px rgba(0,0,0,0.35);\n}\n#paypal-float-btn svg {\n  width: 26px;\n  height: 26px;\n  fill: #fff;\n}\n@keyframes fadeInUp {\n  0% {opacity:0; transform:translateY(30px);}\n  100% {opacity:1; transform:translateY(0);}\n}\n\n\/* ===== \u041c\u043e\u0434\u0430\u043b\u044c\u043d\u043e\u0435 \u043e\u043a\u043d\u043e ===== *\/\n.paypal-modal {\n  display: none;\n  position: fixed;\n  z-index: 10000;\n  left: 0; top: 0;\n  width: 100%; height: 100%;\n  background: rgba(0,0,0,0.6);\n  backdrop-filter: blur(2px);\n  justify-content: center;\n  align-items: center;\n}\n.paypal-modal-content {\n  background: #fff;\n  padding: 30px 25px;\n  border-radius: 12px;\n  text-align: center;\n  max-width: 320px;\n  width: 90%;\n  position: relative;\n  animation: popUp 0.4s ease forwards;\n}\n@keyframes popUp {\n  0% {transform: scale(0.8); opacity:0;}\n  100% {transform: scale(1); opacity:1;}\n}\n.paypal-modal-content h3 {\n  margin-bottom: 10px;\n  color: #003087;\n}\n.amount-options {\n  display: flex;\n  justify-content: space-around;\n  margin: 20px 0;\n}\n.amount-btn {\n  background: #f6f6f6;\n  border: 2px solid #0070ba;\n  color: #0070ba;\n  padding: 8px 16px;\n  border-radius: 8px;\n  font-weight: 600;\n  cursor: pointer;\n  transition: all 0.25s ease;\n}\n.amount-btn:hover, .amount-btn.active {\n  background: #0070ba;\n  color: #fff;\n}\n.paypal-action-btn {\n  display: inline-block;\n  background: #ffc439;\n  color: #111;\n  padding: 10px 20px;\n  border-radius: 6px;\n  font-weight: 600;\n  text-decoration: none;\n  transition: all 0.3s ease;\n}\n.paypal-action-btn:hover {\n  background: #ffb600;\n}\n.close-modal {\n  position: absolute;\n  top: 10px;\n  right: 14px;\n  font-size: 22px;\n  cursor: pointer;\n  color: #999;\n  transition: 0.3s;\n}\n.close-modal:hover {color:#000;}\n<\/style>\n\n<script>\nconst modal = document.getElementById(\"paypalModal\");\nconst openBtn = document.getElementById(\"openPayPalModal\");\nconst closeBtn = document.querySelector(\".close-modal\");\nconst amountButtons = document.querySelectorAll(\".amount-btn\");\nconst paypalLink = document.getElementById(\"paypalLink\");\n\nopenBtn.onclick = () => modal.style.display = \"flex\";\ncloseBtn.onclick = () => modal.style.display = \"none\";\nwindow.onclick = e => { if (e.target === modal) modal.style.display = \"none\"; };\n\namountButtons.forEach(btn => {\n  btn.addEventListener(\"click\", () => {\n    amountButtons.forEach(b => b.classList.remove(\"active\"));\n    btn.classList.add(\"active\");\n    const amount = btn.dataset.amount;\n    paypalLink.href = `https:\/\/www.paypal.com\/paypalme\/\u0412\u0410\u0428_\u0410\u041a\u041a\u0410\u0423\u041d\u0422\/${amount}`;\n  });\n});\n<\/script>\n","protected":false},"excerpt":{"rendered":"<p>UNSERE BANKVERBINDUNG PAYPAL viele Transportdienstleister akzeptieren PayPal, oft als sichere und bequeme Option im Checkout-Prozess. Sie k\u00f6nnen Ihre Transportkosten bei Anbietern, die PayPal anbieten, direkt \u00fcber Ihr PayPal-Konto bezahlen, indem Sie die Weiterleitung w\u00e4hrend der Bestellung nutzen. So bezahlen Sie eine Transportdienstleistung mit PayPalAnbieter ausw\u00e4hlen: W\u00e4hlen Sie einen Transportdienstleister aus, [&hellip;]<\/p>\n","protected":false},"author":1,"featured_media":0,"parent":0,"menu_order":0,"comment_status":"closed","ping_status":"closed","template":"","meta":{"footnotes":""},"class_list":["post-4480","page","type-page","status-publish","hentry"],"_links":{"self":[{"href":"https:\/\/atstransport.eu\/index.php?rest_route=\/wp\/v2\/pages\/4480","targetHints":{"allow":["GET"]}}],"collection":[{"href":"https:\/\/atstransport.eu\/index.php?rest_route=\/wp\/v2\/pages"}],"about":[{"href":"https:\/\/atstransport.eu\/index.php?rest_route=\/wp\/v2\/types\/page"}],"author":[{"embeddable":true,"href":"https:\/\/atstransport.eu\/index.php?rest_route=\/wp\/v2\/users\/1"}],"replies":[{"embeddable":true,"href":"https:\/\/atstransport.eu\/index.php?rest_route=%2Fwp%2Fv2%2Fcomments&post=4480"}],"version-history":[{"count":0,"href":"https:\/\/atstransport.eu\/index.php?rest_route=\/wp\/v2\/pages\/4480\/revisions"}],"wp:attachment":[{"href":"https:\/\/atstransport.eu\/index.php?rest_route=%2Fwp%2Fv2%2Fmedia&parent=4480"}],"curies":[{"name":"wp","href":"https:\/\/api.w.org\/{rel}","templated":true}]}}