{"id":4463,"date":"2025-11-02T12:58:05","date_gmt":"2025-11-02T11:58:05","guid":{"rendered":"http:\/\/atstransport.eu\/?page_id=4463"},"modified":"2025-11-02T12:58:14","modified_gmt":"2025-11-02T11:58:14","slug":"festpreis-transport","status":"publish","type":"page","link":"https:\/\/atstransport.eu\/?page_id=4463","title":{"rendered":"Festpreis-Transport"},"content":{"rendered":"\n<figure class=\"wp-block-image size-large is-resized\"><img loading=\"lazy\" width=\"1024\" height=\"683\" src=\"https:\/\/atstransport.eu\/wp-content\/uploads\/2025\/11\/IMG_8745-1024x683.jpg\" alt=\"\" class=\"wp-image-4369\" style=\"width:661px;height:auto\" srcset=\"https:\/\/atstransport.eu\/wp-content\/uploads\/2025\/11\/IMG_8745-1024x683.jpg 1024w, https:\/\/atstransport.eu\/wp-content\/uploads\/2025\/11\/IMG_8745-300x200.jpg 300w, https:\/\/atstransport.eu\/wp-content\/uploads\/2025\/11\/IMG_8745-768x512.jpg 768w, https:\/\/atstransport.eu\/wp-content\/uploads\/2025\/11\/IMG_8745-360x240.jpg 360w, https:\/\/atstransport.eu\/wp-content\/uploads\/2025\/11\/IMG_8745-600x400.jpg 600w, https:\/\/atstransport.eu\/wp-content\/uploads\/2025\/11\/IMG_8745.jpg 1200w\" sizes=\"auto, (max-width: 1024px) 100vw, 1024px\" \/><\/figure>\n\n\n\n<p>Festpreis-Transport bedeutet, dass Sie eine feste Verg\u00fctung f\u00fcr die Transportleistung zahlen, wobei in der Regel sowohl die Frachtkosten als auch die Speditionsverg\u00fctung enthalten sind<br>. Die Preise variieren je nach Transportart, Fahrzeuggr\u00f6\u00dfe, Gewicht, Entfernung und zus\u00e4tzlichen Leistungen wie Versicherungen.\u00a0<mark>Einige Anbieter nennen beispielsweise einen Pauschalpreis ab 49 \u20ac f\u00fcr einen kleinen Transporter oder Preise pro Kilometer, wie zwischen 0,50 \u20ac und 2,00 \u20ac f\u00fcr Lkw-Transporte<\/mark><\/p>\n\n\n\n<div class=\"wp-block-amelia-catalog-booking-gutenberg-block\">\n<script>\n  if (typeof hasAmeliaEntitiesApiCall === 'undefined' && ('' === '' && '' !== '1')) {\n    var hasAmeliaEntitiesApiCall = true;\n  }\n  var ameliaShortcodeData = (typeof ameliaShortcodeData === 'undefined') ? [] : ameliaShortcodeData;\n  ameliaShortcodeData.push(\n    {\n      'hasApiCall': (typeof hasAmeliaEntitiesApiCall !== 'undefined') && hasAmeliaEntitiesApiCall,\n      'trigger': '',\n      'trigger_type': '',\n      'triggered_form': 'cbf',\n      'in_dialog': '',\n      'show': '',\n      'counter': '1000',\n      'package': '',\n      'category': '',\n      'service': '',\n      'employee': '',\n      'location': '',\n      'categories_hidden': ''\n    }\n  );\n  var ameliaShortcodeDataTriggered = (typeof ameliaShortcodeDataTriggered === 'undefined') ? [] : ameliaShortcodeDataTriggered;\n  if (ameliaShortcodeData[ameliaShortcodeData.length - 1].trigger !== '') {\n    if (ameliaShortcodeDataTriggered.filter(a => a.counter === ameliaShortcodeData[ameliaShortcodeData.length - 1].counter).length === 0) {\n      ameliaShortcodeDataTriggered.push(ameliaShortcodeData.pop());\n    } else {\n      ameliaShortcodeData.pop()\n    }\n  }\n  if (typeof hasAmeliaEntitiesApiCall !== 'undefined' && hasAmeliaEntitiesApiCall) {\n    hasAmeliaEntitiesApiCall = false;\n  }\n<\/script>\n\n<div\n  id=\"amelia-v2-booking-1000\"\n  class=\"amelia-v2-booking\"\n>\n    <catalog-form-wrapper><\/catalog-form-wrapper><\/div>\n<\/div>\n","protected":false},"excerpt":{"rendered":"<p>Festpreis-Transport bedeutet, dass Sie eine feste Verg\u00fctung f\u00fcr die Transportleistung zahlen, wobei in der Regel sowohl die Frachtkosten als auch die Speditionsverg\u00fctung enthalten sind. Die Preise variieren je nach Transportart, Fahrzeuggr\u00f6\u00dfe, Gewicht, Entfernung und zus\u00e4tzlichen Leistungen wie Versicherungen.\u00a0Einige Anbieter nennen beispielsweise einen Pauschalpreis ab 49 \u20ac f\u00fcr einen kleinen Transporter [&hellip;]<\/p>\n","protected":false},"author":1,"featured_media":0,"parent":0,"menu_order":0,"comment_status":"closed","ping_status":"closed","template":"","meta":{"footnotes":""},"class_list":["post-4463","page","type-page","status-publish","hentry"],"_links":{"self":[{"href":"https:\/\/atstransport.eu\/index.php?rest_route=\/wp\/v2\/pages\/4463","targetHints":{"allow":["GET"]}}],"collection":[{"href":"https:\/\/atstransport.eu\/index.php?rest_route=\/wp\/v2\/pages"}],"about":[{"href":"https:\/\/atstransport.eu\/index.php?rest_route=\/wp\/v2\/types\/page"}],"author":[{"embeddable":true,"href":"https:\/\/atstransport.eu\/index.php?rest_route=\/wp\/v2\/users\/1"}],"replies":[{"embeddable":true,"href":"https:\/\/atstransport.eu\/index.php?rest_route=%2Fwp%2Fv2%2Fcomments&post=4463"}],"version-history":[{"count":0,"href":"https:\/\/atstransport.eu\/index.php?rest_route=\/wp\/v2\/pages\/4463\/revisions"}],"wp:attachment":[{"href":"https:\/\/atstransport.eu\/index.php?rest_route=%2Fwp%2Fv2%2Fmedia&parent=4463"}],"curies":[{"name":"wp","href":"https:\/\/api.w.org\/{rel}","templated":true}]}}