{"id":4436,"date":"2025-11-02T08:16:23","date_gmt":"2025-11-02T07:16:23","guid":{"rendered":"http:\/\/atstransport.eu\/?page_id=4436"},"modified":"2026-02-13T09:42:25","modified_gmt":"2026-02-13T08:42:25","slug":"transport-buchen","status":"publish","type":"page","link":"https:\/\/atstransport.eu\/?page_id=4436","title":{"rendered":"Transport Buchen"},"content":{"rendered":"<!-- === \u00dcber das Unternehmen === -->\n<p><strong>Wir sind ein kleines Transportunternehmen mit Sitz in 35099 Burgwald<\/strong> und suchen nach Unternehmen, die an einer langfristigen Zusammenarbeit interessiert sind.<\/p>\n<p>Mit unserer langj\u00e4hrigen Erfahrung und einem professionellen Team stellen wir sicher, dass Ihre Auslieferung oder Abholung reibungslos und stressfrei verl\u00e4uft.<\/p>\n\n<!-- === Leistungen === -->\n<div class=\"wp-block-columns\">\n  <div class=\"wp-block-column\">\n    <figure class=\"wp-block-image size-full is-style-default\">\n      <img src=\"https:\/\/atstransport.eu\/wp-content\/uploads\/2025\/11\/IMG_8745.jpg\" alt=\"ATS Transport Fahrzeug\" \/>\n    <\/figure>\n  <\/div>\n\n  <div class=\"wp-block-column\">\n    <p><strong>Unsere Leistungen umfassen:<\/strong><\/p>\n    <ul>\n      <li>Zuverl\u00e4ssiger Transport von Waren und G\u00fctern bis 3,5 t<\/li>\n      <li>Feste Touren<\/li>\n      <li>Express<\/li>\n      <li>Sonderfahrten<\/li>\n      <li>Direktfahrten<\/li>\n      <li>Umz\u00fcge<\/li>\n      <li>Transport direkt auf Baustellen<\/li>\n      <li>Nachttransporte<\/li>\n      <li>Transport von Kfz-Ersatzteilen<\/li>\n      <li>und weiteren G\u00fctern<\/li>\n    <\/ul>\n  <\/div>\n<\/div>\n\n<!-- === Fahrzeugdetails === -->\n<p><strong>Fahrzeugaufbau<\/strong><\/p>\n<p>Laderaum-L\u00e4nge: 4100 mm &nbsp;|&nbsp; Breite: 2248 mm &nbsp;|&nbsp; H\u00f6he: 2131 mm<\/p>\n<p>Volumen: 20 cbm &nbsp;|&nbsp; Ladebordwand bis 750 kg<\/p>\n<p><strong>Ladungsradius: 120 km von 35099 Burgwald<\/strong><\/p>\n\n<!-- === Zahlungsoptionen === -->\n<div class=\"wp-block-media-text is-stacked-on-mobile\" style=\"grid-template-columns:48% auto\">\n  <figure class=\"wp-block-media-text__media\">\n    <img src=\"https:\/\/atstransport.eu\/wp-content\/uploads\/2025\/11\/IMG_8745.jpg\" alt=\"Transport Optionen\" \/>\n  <\/figure>\n  <div class=\"wp-block-media-text__content\">\n    <p>Nat\u00fcrlich k\u00f6nnen Sie Zahlungsmethoden nach Ihren W\u00fcnschen ausw\u00e4hlen \u2013 z. B. Festpreis pro Lade- \/ Abladestelle.<\/p>\n    <p>Es gibt mehrere Optionen, die wir individuell abstimmen und anpassen k\u00f6nnen.<\/p>\n  <\/div>\n<\/div>\n\n\n<section class=\"transport-booking\" style=\"padding:70px 20px; background:#f9fafc;\">\n  <div class=\"booking-container\">\n    <div class=\"booking-grid\">\n\n      <!-- \u041b\u0435\u0432\u0430\u044f \u043a\u043e\u043b\u043e\u043d\u043a\u0430 -->\n      <div class=\"booking-column left animate-fade\">\n        <h2>\ud83d\udcc5 Transport buchen<\/h2>\n        <p>W\u00e4hlen Sie ein Datum und eine Uhrzeit aus, um Ihren Transport zu planen.<\/p>\n        <div class=\"booking-box\">\n          \n<script>\n  if (typeof hasAmeliaEntitiesApiCall === 'undefined' && ('' === '' && '' !== '1')) {\n    var hasAmeliaEntitiesApiCall = true;\n  }\n  var ameliaShortcodeData = (typeof ameliaShortcodeData === 'undefined') ? [] : ameliaShortcodeData;\n  ameliaShortcodeData.push(\n    {\n      'hasApiCall': (typeof hasAmeliaEntitiesApiCall !== 'undefined') && hasAmeliaEntitiesApiCall,\n      'trigger': '',\n      'trigger_type': '',\n      'triggered_form': 'sbsNew',\n      'in_dialog': '',\n      'show': '',\n      'counter': '1000',\n      'category': '',\n      'service': '',\n      'employee': '',\n      'location': '',\n      'package': '',\n      'layout': '',\n    }\n  );\n\n  var ameliaShortcodeDataTriggered = (typeof ameliaShortcodeDataTriggered === 'undefined') ? [] : ameliaShortcodeDataTriggered;\n  if (ameliaShortcodeData[ameliaShortcodeData.length - 1].trigger !== '') {\n    if (ameliaShortcodeDataTriggered.filter(a => a.counter === ameliaShortcodeData[ameliaShortcodeData.length - 1].counter).length === 0) {\n      ameliaShortcodeDataTriggered.push(ameliaShortcodeData.pop());\n    } else {\n      ameliaShortcodeData.pop()\n    }\n  }\n  if (typeof hasAmeliaEntitiesApiCall !== 'undefined' && hasAmeliaEntitiesApiCall) {\n    hasAmeliaEntitiesApiCall = false;\n  }\n<\/script>\n\n<div\n  id=\"amelia-v2-booking-1000\"\n  class=\"amelia-v2-booking\"\n >\n    <step-form-wrapper><\/step-form-wrapper><\/div>\n\n        <\/div>\n      <\/div>\n\n      <!-- \u041f\u0440\u0430\u0432\u0430\u044f \u043a\u043e\u043b\u043e\u043d\u043a\u0430 -->\n      <div class=\"booking-column right animate-fade\">\n        <h3>\ud83d\udcde Kontaktformular<\/h3>\n        <p>Haben Sie Fragen? Schreiben Sie uns direkt \u2013 wir melden uns schnellstm\u00f6glich!<\/p>\n        <form method=\"POST\" action=\"#\">\n          <div class=\"input-group\">\n            <i class=\"fas fa-user\"><\/i>\n            <input type=\"text\" name=\"firstname\" placeholder=\"Vorname\" required>\n          <\/div>\n          <div class=\"input-group\">\n            <i class=\"fas fa-user\"><\/i>\n            <input type=\"text\" name=\"lastname\" placeholder=\"Nachname\" required>\n          <\/div>\n          <div class=\"input-group\">\n            <i class=\"fas fa-envelope\"><\/i>\n            <input type=\"email\" name=\"email\" placeholder=\"E-Mail-Adresse\" required>\n          <\/div>\n          <div class=\"input-group\">\n            <i class=\"fas fa-comment\"><\/i>\n            <textarea name=\"message\" rows=\"4\" placeholder=\"Ihre Nachricht...\"><\/textarea>\n          <\/div>\n          <button type=\"submit\" class=\"animated-btn\">\n            <i class=\"fas fa-paper-plane\"><\/i> Nachricht senden\n          <\/button>\n        <\/form>\n\n        <!-- \u041a\u043d\u043e\u043f\u043a\u0438 \u043c\u0435\u0441\u0441\u0435\u043d\u0434\u0436\u0435\u0440\u043e\u0432 -->\n        <div class=\"social-buttons\">\n          <a href=\"https:\/\/wa.me\/4915140141801\" target=\"_blank\" class=\"social-btn whatsapp\"><i class=\"fab fa-whatsapp\"><\/i><\/a>\n          <a href=\"https:\/\/t.me\/ATSTransport_EU\" target=\"_blank\" class=\"social-btn telegram\"><i class=\"fab fa-telegram-plane\"><\/i><\/a>\n        <\/div>\n      <\/div>\n\n    <\/div>\n  <\/div>\n<\/section>\n\n<!-- Font Awesome -->\n<link rel=\"stylesheet\" href=\"https:\/\/cdnjs.cloudflare.com\/ajax\/libs\/font-awesome\/6.5.0\/css\/all.min.css\">\n\n<style>\n.booking-container {\n  max-width: 1100px;\n  margin: 0 auto;\n  background: #fff;\n  border-radius: 16px;\n  box-shadow: 0 6px 18px rgba(0,0,0,0.08);\n  overflow: hidden;\n}\n.booking-grid {\n  display: grid;\n  grid-template-columns: repeat(auto-fit, minmax(400px, 1fr));\n}\n.booking-column {\n  padding: 40px;\n}\n.booking-column.left { background: #ffffff; }\n.booking-column.right { background: #fffcf7; }\n\n.booking-column h2, .booking-column h3 {\n  color: #3c4858;\n  font-family: 'Montserrat', sans-serif;\n  margin-bottom: 15px;\n}\n.booking-column p {\n  color: #666;\n  font-size: 15px;\n  margin-bottom: 25px;\n}\n.booking-box {\n  border: 1px solid #eee;\n  border-radius: 10px;\n  padding: 20px;\n}\n\n\/* \u041f\u043e\u043b\u044f \u0444\u043e\u0440\u043c\u044b *\/\n.booking-column form {\n  display: flex;\n  flex-direction: column;\n  gap: 15px;\n}\n.input-group {\n  display: flex;\n  align-items: center;\n  border: 1px solid #ddd;\n  border-radius: 8px;\n  padding: 10px 12px;\n  background: #fff;\n  transition: border-color 0.3s;\n}\n.input-group i {\n  color: #ffb84f;\n  margin-right: 10px;\n  font-size: 18px;\n}\n.input-group:focus-within {\n  border-color: #ffcd7d;\n}\n.booking-column input,\n.booking-column textarea {\n  border: none;\n  outline: none;\n  width: 100%;\n  font-size: 15px;\n}\n\n\/* \u041a\u043d\u043e\u043f\u043a\u0430 *\/\n.animated-btn {\n  background: #ffcd7d;\n  border: none;\n  color: #3c4858;\n  padding: 14px;\n  border-radius: 10px;\n  font-weight: 700;\n  font-size: 16px;\n  cursor: pointer;\n  transition: all 0.3s ease;\n  display: flex;\n  align-items: center;\n  justify-content: center;\n  gap: 8px;\n}\n.animated-btn:hover {\n  background: #ffb84f;\n  transform: scale(1.03);\n}\n.animated-btn i {\n  animation: pulse 1.2s infinite;\n}\n\n\/* \u0418\u043a\u043e\u043d\u043a\u0438 WhatsApp \/ Telegram *\/\n.social-buttons {\n  margin-top: 25px;\n  display: flex;\n  gap: 15px;\n}\n.social-btn {\n  display: flex;\n  align-items: center;\n  justify-content: center;\n  width: 48px;\n  height: 48px;\n  border-radius: 50%;\n  color: white;\n  font-size: 22px;\n  transition: transform 0.4s, box-shadow 0.4s;\n}\n.social-btn.whatsapp { background: #25D366; }\n.social-btn.telegram { background: #0088cc; }\n.social-btn:hover {\n  transform: rotate(15deg) scale(1.1);\n  box-shadow: 0 4px 12px rgba(0,0,0,0.2);\n}\n\n\/* \u0410\u043d\u0438\u043c\u0430\u0446\u0438\u0438 *\/\n@keyframes pulse {\n  0%, 100% { transform: translateY(0); }\n  50% { transform: translateY(-3px); }\n}\n.animate-fade {\n  opacity: 0;\n  transform: translateY(40px);\n  transition: all 0.9s ease-out;\n}\n.animate-fade.visible {\n  opacity: 1;\n  transform: translateY(0);\n}\n\n\/* \u041c\u0435\u0434\u0438\u0430 *\/\n@media (max-width: 768px) {\n  .transport-booking { padding: 40px 15px; }\n  .social-buttons { justify-content: center; }\n}\n<\/style>\n\n<script>\n\/\/ \u0410\u043d\u0438\u043c\u0430\u0446\u0438\u044f \u043f\u043e\u044f\u0432\u043b\u0435\u043d\u0438\u044f \u043f\u0440\u0438 \u043f\u0440\u043e\u043a\u0440\u0443\u0442\u043a\u0435\ndocument.addEventListener(\"DOMContentLoaded\", () => {\n  const elements = document.querySelectorAll(\".animate-fade\");\n  const observer = new IntersectionObserver(entries => {\n    entries.forEach(entry => {\n      if (entry.isIntersecting) entry.target.classList.add(\"visible\");\n    });\n  }, { threshold: 0.2 });\n  elements.forEach(el => observer.observe(el));\n});\n<\/script>\n\n\n\n<!-- === Font Awesome === -->\n<link rel=\"stylesheet\" href=\"https:\/\/cdnjs.cloudflare.com\/ajax\/libs\/font-awesome\/6.5.0\/css\/all.min.css\">\n\n<!-- === Preisberechnung (optional) === -->\n<script>\ndocument.addEventListener('DOMContentLoaded', function() {\n  const distanceField = document.querySelector('input[name=\"distance\"]');\n  const priceSpan = document.getElementById('calculated-price');\n  const pricePerKm = 1.35; \/\/ \u20ac pro km \u2013 Tarif kann angepasst werden\n\n  if (distanceField && priceSpan) {\n    distanceField.addEventListener('input', function() {\n      const km = parseFloat(this.value);\n      if (!isNaN(km) && km > 0) {\n        const total = (km * pricePerKm).toFixed(2);\n        priceSpan.textContent = total + ' \u20ac';\n      } else {\n        priceSpan.textContent = '\u2013';\n      }\n    });\n  }\n});\n\n<div id=\"paypal-float-button\">\n  <a href=\"https:\/\/www.paypal.com\/paypalme\/ATSTransportEU\" \n     target=\"_blank\" rel=\"noopener noreferrer\" data-tooltip=\"\u041e\u043f\u043b\u0430\u0442\u0438\u0442\u044c \u0437\u0430\u043a\u0430\u0437 \u0447\u0435\u0440\u0435\u0437 PayPal\">\n    <svg viewBox=\"0 0 24 24\" xmlns=\"http:\/\/www.w3.org\/2000\/svg\">\n      <path fill=\"#ffffff\" d=\"M21.5 6.5c-.3-1.1-1.1-2-2.2-2.5C18.3 3.4 17.1 3.1 15.8 3H7.7c-.5 0-.9.4-1 .8L4 19.2c0 .4.2.8.7.8h3c.4 0 .8-.3.9-.7l.5-2.7c.1-.4.4-.7.9-.7h1.7c3.8 0 6.8-1.6 7.6-5.7.2-.9.2-1.7.2-2.4 0-.4 0-.9-.1-1.3zM16.9 9c-.4 2.3-2.2 3.2-4.4 3.2h-1.8c-.5 0-.8.3-.9.7l-.3 1.6-.5 2.8h-1.6l2.3-12.5h5.3c1.1 0 2.1.3 2.8.8.7.5 1.1 1.2 1.1 2.1 0 .5 0 .9-.1 1.3-.1.3-.1.6-.1 1z\"\/>\n    <\/svg>\n    <span>Pay with PayPal<\/span>\n  <\/a>\n<\/div>\n\n<style>\n#paypal-float-button {\n  position: fixed;\n  right: 18px;\n  bottom: 160px; \/* \u0447\u0443\u0442\u044c \u0432\u044b\u0448\u0435 Telegram\/WhatsApp *\/\n  z-index: 9999;\n  animation: fadeInUp 0.8s ease forwards;\n}\n\n\/* \u0421\u0442\u0438\u043b\u0438 \u043a\u043d\u043e\u043f\u043a\u0438 *\/\n#paypal-float-button a {\n  display: flex;\n  align-items: center;\n  gap: 10px;\n  padding: 12px 20px;\n  background: rgba(0, 92, 255, 0.9);\n  border-radius: 40px;\n  color: #fff;\n  font-weight: 600;\n  text-decoration: none;\n  font-size: 15px;\n  letter-spacing: 0.3px;\n  box-shadow: 0 6px 15px rgba(0,0,0,0.25);\n  transition: all 0.3s ease;\n  backdrop-filter: blur(6px);\n  position: relative;\n}\n\n#paypal-float-button svg {\n  width: 26px;\n  height: 26px;\n  fill: #fff;\n  transition: transform 0.3s ease;\n}\n\n#paypal-float-button a:hover {\n  background: linear-gradient(135deg, #0070ba, #1546a0);\n  transform: translateY(-3px);\n  box-shadow: 0 10px 25px rgba(0,0,0,0.35);\n}\n\n#paypal-float-button a:hover svg {\n  transform: rotate(-8deg) scale(1.05);\n}\n\n\/* \u041f\u043e\u0434\u0441\u043a\u0430\u0437\u043a\u0430 *\/\n#paypal-float-button a::after {\n  content: attr(data-tooltip);\n  position: absolute;\n  right: 110%;\n  top: 50%;\n  transform: translateY(-50%);\n  background: rgba(0,0,0,0.85);\n  color: #fff;\n  padding: 6px 10px;\n  border-radius: 6px;\n  font-size: 13px;\n  white-space: nowrap;\n  opacity: 0;\n  pointer-events: none;\n  transition: opacity 0.25s ease;\n}\n\n#paypal-float-button a:hover::after {\n  opacity: 1;\n}\n\n\/* \u0410\u043d\u0438\u043c\u0430\u0446\u0438\u044f \u043f\u043e\u044f\u0432\u043b\u0435\u043d\u0438\u044f *\/\n@keyframes fadeInUp {\n  0% { opacity: 0; transform: translateY(30px); }\n  100% { opacity: 1; transform: translateY(0); }\n}\n\n\/* \u041c\u043e\u0431\u0438\u043b\u044c\u043d\u0430\u044f \u0430\u0434\u0430\u043f\u0442\u0430\u0446\u0438\u044f *\/\n@media (max-width: 600px) {\n  #paypal-float-button {\n    bottom: 120px;\n    right: 12px;\n  }\n  #paypal-float-button a {\n    padding: 10px 16px;\n    font-size: 14px;\n  }\n  #paypal-float-button span {\n    display: none; \/* \u0441\u043a\u0440\u044b\u0432\u0430\u0435\u043c \u0442\u0435\u043a\u0441\u0442, \u043e\u0441\u0442\u0430\u0432\u043b\u044f\u0435\u043c \u0438\u043a\u043e\u043d\u043a\u0443 *\/\n  }\n  #paypal-float-button a::after {\n    display: none;\n  }\n}\n<\/style>\n\n<div id=\"paypal-float-btn\">\n  <button id=\"openPayPalModal\">\n    <svg viewBox=\"0 0 24 24\">\n      <path fill=\"#fff\" d=\"M21.5 6.5c-.3-1.1-1.1-2-2.2-2.5C18.3 3.4 17.1 3.1 15.8 3H7.7c-.5 0-.9.4-1 .8L4 19.2c0 .4.2.8.7.8h3c.4 0 .8-.3.9-.7l.5-2.7c.1-.4.4-.7.9-.7h1.7c3.8 0 6.8-1.6 7.6-5.7.2-.9.2-1.7.2-2.4 0-.4 0-.9-.1-1.3zM16.9 9c-.4 2.3-2.2 3.2-4.4 3.2h-1.8c-.5 0-.8.3-.9.7l-.3 1.6-.5 2.8h-1.6l2.3-12.5h5.3c1.1 0 2.1.3 2.8.8.7.5 1.1 1.2 1.1 2.1 0 .5 0 .9-.1 1.3-.1.3-.1.6-.1 1z\"\/>\n    <\/svg>\n    <span>Pay with PayPal<\/span>\n  <\/button>\n<\/div>\n\n<!-- \u041c\u043e\u0434\u0430\u043b\u044c\u043d\u043e\u0435 \u043e\u043a\u043d\u043e -->\n<div id=\"paypalModal\" class=\"paypal-modal\">\n  <div class=\"paypal-modal-content\">\n    <span class=\"close-modal\">&times;<\/span>\n    <h3>Bezahlen Sie f\u00fcr die Bestellung<\/h3>\n    <p>W\u00e4hlen Sie den Zahlungsbetrag:<\/p>\n\n    <div class=\"amount-options\">\n      <button class=\"amount-btn\" data-amount=\"50\">50 \u20ac<\/button>\n      <button class=\"amount-btn\" data-amount=\"100\">100 \u20ac<\/button>\n      <button class=\"amount-btn\" data-amount=\"150\">150 \u20ac<\/button>\n    <\/div>\n\n    <a id=\"https:\/\/www.paypal.com\/paypalme\/ATSTransportEU\" href=\"https:\/\/www.paypal.com\/paypalme\/ATSTransportEU\" target=\"_blank\" class=\"paypal-action-btn\">Gehe zur Zahlung<\/a>\n  <\/div>\n<\/div>\n\n<style>\n\/* ===== \u041f\u043b\u0430\u0432\u0430\u044e\u0449\u0430\u044f \u043a\u043d\u043e\u043f\u043a\u0430 ===== *\/\n#paypal-float-btn {\n  position: fixed;\n  right: 18px;\n  bottom: 55px;\n  z-index: 9999;\n  animation: fadeInUp 0.8s ease forwards;\n}\n#paypal-float-btn button {\n  display: flex;\n  align-items: center;\n  gap: 10px;\n  padding: 12px 20px;\n  background: linear-gradient(135deg, #0070ba, #003087);\n  border-radius: 40px;\n  border: none;\n  color: #fff;\n  font-weight: 600;\n  cursor: pointer;\n  font-size: 15px;\n  box-shadow: 0 6px 15px rgba(0,0,0,0.25);\n  transition: all 0.3s ease;\n}\n#paypal-float-btn button:hover {\n  transform: translateY(-3px);\n  box-shadow: 0 10px 25px rgba(0,0,0,0.35);\n}\n#paypal-float-btn svg {\n  width: 26px;\n  height: 26px;\n  fill: #fff;\n}\n@keyframes fadeInUp {\n  0% {opacity:0; transform:translateY(30px);}\n  100% {opacity:1; transform:translateY(0);}\n}\n\n\/* ===== \u041c\u043e\u0434\u0430\u043b\u044c\u043d\u043e\u0435 \u043e\u043a\u043d\u043e ===== *\/\n.paypal-modal {\n  display: none;\n  position: fixed;\n  z-index: 10000;\n  left: 0; top: 0;\n  width: 100%; height: 100%;\n  background: rgba(0,0,0,0.6);\n  backdrop-filter: blur(2px);\n  justify-content: center;\n  align-items: center;\n}\n.paypal-modal-content {\n  background: #fff;\n  padding: 30px 25px;\n  border-radius: 12px;\n  text-align: center;\n  max-width: 320px;\n  width: 90%;\n  position: relative;\n  animation: popUp 0.4s ease forwards;\n}\n@keyframes popUp {\n  0% {transform: scale(0.8); opacity:0;}\n  100% {transform: scale(1); opacity:1;}\n}\n.paypal-modal-content h3 {\n  margin-bottom: 10px;\n  color: #003087;\n}\n.amount-options {\n  display: flex;\n  justify-content: space-around;\n  margin: 20px 0;\n}\n.amount-btn {\n  background: #f6f6f6;\n  border: 2px solid #0070ba;\n  color: #0070ba;\n  padding: 8px 16px;\n  border-radius: 8px;\n  font-weight: 600;\n  cursor: pointer;\n  transition: all 0.25s ease;\n}\n.amount-btn:hover, .amount-btn.active {\n  background: #0070ba;\n  color: #fff;\n}\n.paypal-action-btn {\n  display: inline-block;\n  background: #ffc439;\n  color: #111;\n  padding: 10px 20px;\n  border-radius: 6px;\n  font-weight: 600;\n  text-decoration: none;\n  transition: all 0.3s ease;\n}\n.paypal-action-btn:hover {\n  background: #ffb600;\n}\n.close-modal {\n  position: absolute;\n  top: 10px;\n  right: 14px;\n  font-size: 22px;\n  cursor: pointer;\n  color: #999;\n  transition: 0.3s;\n}\n.close-modal:hover {color:#000;}\n<\/style>\n\n<script>\nconst modal = document.getElementById(\"paypalModal\");\nconst openBtn = document.getElementById(\"openPayPalModal\");\nconst closeBtn = document.querySelector(\".close-modal\");\nconst amountButtons = document.querySelectorAll(\".amount-btn\");\nconst paypalLink = document.getElementById(\"paypalLink\");\n\nopenBtn.onclick = () => modal.style.display = \"flex\";\ncloseBtn.onclick = () => modal.style.display = \"none\";\nwindow.onclick = e => { if (e.target === modal) modal.style.display = \"none\"; };\n\namountButtons.forEach(btn => {\n  btn.addEventListener(\"click\", () => {\n    amountButtons.forEach(b => b.classList.remove(\"active\"));\n    btn.classList.add(\"active\");\n    const amount = btn.dataset.amount;\n    paypalLink.href = `https:\/\/www.paypal.com\/paypalme\/\u0412\u0410\u0428_\u0410\u041a\u041a\u0410\u0423\u041d\u0422\/${amount}`;\n  });\n});\n<\/script>\n\n\n\n\n<!-- === Font Awesome === -->\n<link rel=\"stylesheet\" href=\"https:\/\/cdnjs.cloudflare.com\/ajax\/libs\/font-awesome\/6.5.0\/css\/all.min.css\">\n\n\n","protected":false},"excerpt":{"rendered":"<p>Wir sind ein kleines Transportunternehmen mit Sitz in 35099 Burgwald und suchen nach Unternehmen, die an einer langfristigen Zusammenarbeit interessiert sind. Mit unserer langj\u00e4hrigen Erfahrung und einem professionellen Team stellen wir sicher, dass Ihre Auslieferung oder Abholung reibungslos und stressfrei verl\u00e4uft. Unsere Leistungen umfassen: Zuverl\u00e4ssiger Transport von Waren und G\u00fctern [&hellip;]<\/p>\n","protected":false},"author":1,"featured_media":0,"parent":0,"menu_order":0,"comment_status":"closed","ping_status":"closed","template":"","meta":{"footnotes":""},"class_list":["post-4436","page","type-page","status-publish","hentry"],"_links":{"self":[{"href":"https:\/\/atstransport.eu\/index.php?rest_route=\/wp\/v2\/pages\/4436","targetHints":{"allow":["GET"]}}],"collection":[{"href":"https:\/\/atstransport.eu\/index.php?rest_route=\/wp\/v2\/pages"}],"about":[{"href":"https:\/\/atstransport.eu\/index.php?rest_route=\/wp\/v2\/types\/page"}],"author":[{"embeddable":true,"href":"https:\/\/atstransport.eu\/index.php?rest_route=\/wp\/v2\/users\/1"}],"replies":[{"embeddable":true,"href":"https:\/\/atstransport.eu\/index.php?rest_route=%2Fwp%2Fv2%2Fcomments&post=4436"}],"version-history":[{"count":0,"href":"https:\/\/atstransport.eu\/index.php?rest_route=\/wp\/v2\/pages\/4436\/revisions"}],"wp:attachment":[{"href":"https:\/\/atstransport.eu\/index.php?rest_route=%2Fwp%2Fv2%2Fmedia&parent=4436"}],"curies":[{"name":"wp","href":"https:\/\/api.w.org\/{rel}","templated":true}]}}