{"id":4354,"date":"2025-10-31T20:09:58","date_gmt":"2025-10-31T19:09:58","guid":{"rendered":"http:\/\/atstransport.eu\/?page_id=4354"},"modified":"2026-04-19T22:03:20","modified_gmt":"2026-04-19T20:03:20","slug":"auftraggeber","status":"publish","type":"page","link":"https:\/\/atstransport.eu\/?page_id=4354","title":{"rendered":"Auftraggeber"},"content":{"rendered":"<p><!-- === \u00dcber das Unternehmen === --><\/p>\n<p><strong>Wir sind ein kleines Transportunternehmen mit Sitz in 35099 Burgwald<\/strong> und suchen nach Unternehmen, die an einer langfristigen Zusammenarbeit interessiert sind.<\/p>\n<p>Mit unserer langj\u00e4hrigen Erfahrung und einem professionellen Team stellen wir sicher, dass Ihre Auslieferung oder Abholung reibungslos und stressfrei verl\u00e4uft.<\/p>\n<p><!-- === Leistungen === --><\/p>\n<div class=\"wp-block-columns\">\n<div class=\"wp-block-column\">\n<figure class=\"wp-block-image size-full is-style-default\"><img src=\"https:\/\/atstransport.eu\/wp-content\/uploads\/2025\/11\/IMG_8745.jpg\" alt=\"ATS Transport Fahrzeug\" \/><\/figure>\n<\/div>\n<div class=\"wp-block-column\">\n<p><strong>Unsere Leistungen umfassen:<\/strong><\/p>\n<ul>\n<li>Zuverl\u00e4ssiger Transport von Waren und G\u00fctern bis 3,5 t<\/li>\n<li>Feste Touren<\/li>\n<li>Express<\/li>\n<li>Sonderfahrten<\/li>\n<li>Direktfahrten<\/li>\n<li>Umz\u00fcge<\/li>\n<li>Transport direkt auf Baustellen<\/li>\n<li>Nachttransporte<\/li>\n<li>Transport von Kfz-Ersatzteilen<\/li>\n<li>und weiteren G\u00fctern<\/li>\n<\/ul>\n<\/div>\n<\/div>\n<p><!-- === Fahrzeugdetails === --><\/p>\n<p><strong>Fahrzeugaufbau<\/strong><\/p>\n<p>Laderaum-L\u00e4nge: 4100 mm \u00a0|\u00a0 Breite: 2248 mm \u00a0|\u00a0 H\u00f6he: 2131 mm<\/p>\n<p>Volumen: 20 cbm \u00a0|\u00a0 Ladebordwand bis 750 kg<\/p>\n<p><strong>Ladungsradius: 120 km von 35099 Burgwald<\/strong><\/p>\n<p><!-- === Zahlungsoptionen === --><\/p>\n<div class=\"wp-block-media-text is-stacked-on-mobile\" style=\"grid-template-columns: 48% auto;\">\n<figure class=\"wp-block-media-text__media\"><img src=\"https:\/\/atstransport.eu\/wp-content\/uploads\/2025\/11\/IMG_8745.jpg\" alt=\"Transport Optionen\" \/><\/figure>\n<div class=\"wp-block-media-text__content\">\n<p>Nat\u00fcrlich k\u00f6nnen Sie Zahlungsmethoden nach Ihren W\u00fcnschen ausw\u00e4hlen \u2013 z. B. Festpreis pro Lade- \/ Abladestelle.<\/p>\n<p>Es gibt mehrere Optionen, die wir individuell abstimmen und anpassen k\u00f6nnen.<\/p>\n<\/div>\n<\/div>\n<p><!-- === Formular === --><br \/>\n\n<div class=\"wpcf7 no-js\" id=\"wpcf7-f4270-o1\" lang=\"de-DE\" dir=\"ltr\" data-wpcf7-id=\"4270\">\n<div class=\"screen-reader-response\"><p role=\"status\" aria-live=\"polite\" aria-atomic=\"true\"><\/p> <ul><\/ul><\/div>\n<form action=\"\/index.php?rest_route=%2Fwp%2Fv2%2Fpages%2F4354#wpcf7-f4270-o1\" method=\"post\" class=\"wpcf7-form init\" aria-label=\"Kontaktformular\" novalidate=\"novalidate\" data-status=\"init\">\n<fieldset class=\"hidden-fields-container\"><input type=\"hidden\" name=\"_wpcf7\" value=\"4270\" \/><input type=\"hidden\" name=\"_wpcf7_version\" value=\"6.1.5\" \/><input type=\"hidden\" name=\"_wpcf7_locale\" value=\"de_DE\" \/><input type=\"hidden\" name=\"_wpcf7_unit_tag\" value=\"wpcf7-f4270-o1\" \/><input type=\"hidden\" name=\"_wpcf7_container_post\" value=\"0\" \/><input type=\"hidden\" name=\"_wpcf7_posted_data_hash\" value=\"\" \/>\n<\/fieldset>\n<h3>Transport anfragen\n<\/h3>\n<p>F\u00fcllen Sie bitte das Formular aus \u2013 wir kontaktieren Sie, um die Details und den Preis zu besprechen.\n<\/p>\n<p><label> Ihr Name *<br \/>\n<span class=\"wpcf7-form-control-wrap\" data-name=\"your-name\"><input size=\"40\" maxlength=\"400\" class=\"wpcf7-form-control wpcf7-text wpcf7-validates-as-required\" aria-required=\"true\" aria-invalid=\"false\" placeholder=\"Ihr Name\" value=\"\" type=\"text\" name=\"your-name\" \/><\/span><br \/>\n<\/label>\n<\/p>\n<p><label> Telefonnummer *<br \/>\n<span class=\"wpcf7-form-control-wrap\" data-name=\"your-phone\"><input size=\"40\" maxlength=\"400\" class=\"wpcf7-form-control wpcf7-tel wpcf7-validates-as-required wpcf7-text wpcf7-validates-as-tel\" aria-required=\"true\" aria-invalid=\"false\" placeholder=\"+49 (___) ___-____\" value=\"\" type=\"tel\" name=\"your-phone\" \/><\/span><br \/>\n<\/label>\n<\/p>\n<p><label> E-Mail<br \/>\n<span class=\"wpcf7-form-control-wrap\" data-name=\"your-email\"><input size=\"40\" maxlength=\"400\" class=\"wpcf7-form-control wpcf7-email wpcf7-text wpcf7-validates-as-email\" aria-invalid=\"false\" placeholder=\"Ihre E-Mail-Adresse (optional)\" value=\"\" type=\"email\" name=\"your-email\" \/><\/span><br \/>\n<\/label>\n<\/p>\n<p><label> Art der Dienstleistung *<br \/>\n<span class=\"wpcf7-form-control-wrap\" data-name=\"service-type\"><select class=\"wpcf7-form-control wpcf7-select wpcf7-validates-as-required\" aria-required=\"true\" aria-invalid=\"false\" name=\"service-type\"><option value=\"G\u00fctertransport\">G\u00fctertransport<\/option><option value=\"Umzug\">Umzug<\/option><option value=\"Lieferung von Waren\">Lieferung von Waren<\/option><option value=\"Fahrzeug mit Fahrer mieten\">Fahrzeug mit Fahrer mieten<\/option><option value=\"Sonstiges\">Sonstiges<\/option><\/select><\/span><br \/>\n<\/label>\n<\/p>\n<p><label> Abholort (Stadt, Adresse) *<br \/>\n<span class=\"wpcf7-form-control-wrap\" data-name=\"from-location\"><input size=\"40\" maxlength=\"400\" class=\"wpcf7-form-control wpcf7-text wpcf7-validates-as-required\" aria-required=\"true\" aria-invalid=\"false\" placeholder=\"z. B. Berlin, Alexanderplatz 1\" value=\"\" type=\"text\" name=\"from-location\" \/><\/span><br \/>\n<\/label>\n<\/p>\n<p><label> Zielort (Stadt, Adresse) *<br \/>\n<span class=\"wpcf7-form-control-wrap\" data-name=\"to-location\"><input size=\"40\" maxlength=\"400\" class=\"wpcf7-form-control wpcf7-text wpcf7-validates-as-required\" aria-required=\"true\" aria-invalid=\"false\" placeholder=\"z. B. M\u00fcnchen, Marienplatz 10\" value=\"\" type=\"text\" name=\"to-location\" \/><\/span><br \/>\n<\/label>\n<\/p>\n<p><label> Entfernung (in km) *<br \/>\n<span class=\"wpcf7-form-control-wrap\" data-name=\"distance\"><input class=\"wpcf7-form-control wpcf7-number wpcf7-validates-as-required wpcf7-validates-as-number\" min=\"1\" aria-required=\"true\" aria-invalid=\"false\" placeholder=\"z. B. 250\" value=\"\" type=\"number\" name=\"distance\" \/><\/span><br \/>\n<\/label>\n<\/p>\n<p><strong>Gesch\u00e4tzter Preis:<\/strong><span id=\"calculated-price\">\u2013<\/span>\n<\/p>\n<p><label> Gew\u00fcnschtes Datum und Uhrzeit<br \/>\n<span class=\"wpcf7-form-control-wrap\" data-name=\"transport-date\"><input class=\"wpcf7-form-control wpcf7-date wpcf7-validates-as-date\" aria-invalid=\"false\" placeholder=\"Datum w\u00e4hlen\" value=\"\" type=\"date\" name=\"transport-date\" \/><\/span><br \/>\n<\/label>\n<\/p>\n<p><label> Zus\u00e4tzliche Informationen<br \/>\n<span class=\"wpcf7-form-control-wrap\" data-name=\"your-message\"><textarea cols=\"40\" rows=\"10\" maxlength=\"2000\" class=\"wpcf7-form-control wpcf7-textarea\" aria-invalid=\"false\" placeholder=\"z. B. Gewicht der Ladung, Fahrzeugtyp, besondere Bedingungen...\" name=\"your-message\"><\/textarea><\/span><br \/>\n<\/label>\n<\/p>\n<p><input class=\"wpcf7-form-control wpcf7-submit has-spinner\" type=\"submit\" value=\"Anfrage senden\" \/>\n<\/p><div class=\"wpcf7-response-output\" aria-hidden=\"true\"><\/div>\n<\/form>\n<\/div>\n<\/p>\n<p><!-- === Font Awesome === --><\/p>\n<p><!-- === Google Map === --><\/p>\n<div class=\"map-container\"><iframe width=\"100%\" height=\"400\" style=\"border: 0;\" src=\"https:\/\/www.google.com\/maps?q=Frankenberger%20Stra%C3%9Fe%2032B,%2035099%20Burgwald,%20Deutschland&amp;output=embed\" allowfullscreen=\"allowfullscreen\" loading=\"lazy\" referrerpolicy=\"no-referrer-when-downgrade\"><br \/>\n<\/iframe><\/div>\n<p><!-- === Stilvolle animierte Google Map mit Glow-Effekt === --><br \/>\n<div class=\"business-popup-open popup active\"><div class=\"business-popup-wrapper business-popup-wrap-2\">\n                                    <div class=\"popup-2-img popup-overlay-img\" style=\")\"><\/div>\n                                    <div class=\"business-popup-overlay business__edit_overlay-background\" data-outside-color=\"#000000c9\" data-effect=\"1\" style=\"background-color:#1d248fcc\"><\/div>\n                                    <div class=\"business-popup-content\">\n                                        <div class=\"business-editor-attach\" data-attach-for=\"overlay\"><\/div>\n                                        <div class=\"business-editor-attach\" data-attach-for=\"close-button\"><\/div>\n                                        <a href=\"#\" data-close=\"io\" class=\"business-popup-close business__edit_close_by business__edit_close_bcolor business__edit_close_color dashicons dashicons-no\" style=\"color: #f54747\"><\/a>\n                                        <div class=\"content_wrap\">\n                                            <div class=\"business-editor-attach\" data-attach-for=\"popup-link-two\"><\/div>\n                                            <a class=\"business-popup-title business__edit_link-two\" href=\"https:\/\/atstransport.eu\/?product=gewerbe-direktfahrten-gs\" style=\"background-color:#d6c11e;color:#F44336\" target=\"_blank\">Promo Code S82KEVAS<\/a>\n\n                                            <p class=\"business-popup-heading contenteditable\">Gewerbe - Direktfahrten<\/p>\n                                            <p class=\"business-popup-heading-2 contenteditable\">Bis 20% OFF<\/p>\n                                            <p class=\"business-popup-title-2 contenteditable\">NUR FUR GEWERBE KUNDE<\/p>\n                                            <div class=\"business-editor-attach\" data-attach-for=\"popup-link-one\"><\/div>\n                                            <a class=\"business-popup-two-link business__edit_link-one\" href=\"https:\/\/atstransport.eu\/?product=direktfahrten\" style=\"color:#ffffff;background-color:#11151f9c\" target=\"_blank\">Unsere Angebot<\/a>\n                                            <p class=\"business-popup-title-3 contenteditable\">Zeitlich begrenzte Angebot !<\/p>\n                                        <\/div>\n                                    <\/div>\n                                <\/div><\/div><\/p>\n<div style=\"margin-top: 32px;\">\n<hr style=\"background-color: #cccccc; border: none; height: 1px; margin: 16px 0 12px 0;\" \/>\n<div style=\"font-size: 13px; color: #222222;\"><strong>ATSTransport<\/strong><br \/>\nAlexander Braun Transport Dienstleistung<\/div>\n<div style=\"margin-top: 10px; font-size: 12px; color: #444444; line-height: 1.6;\">Tel: +49 6451 \/ 408 63 60<br \/>\nMob: +49 1514 0141801<br \/>\nFax: +49 6451 \/ 408 74 38<\/div>\n<div style=\"margin-top: 8px; font-size: 12px; color: #444444;\">E-Mail:<br \/>\n<a href=\"mailto:aivengo.info@icloud.com\" style=\"color: #444444; text-decoration: none;\"><br \/>\naivengo.info@icloud.com <\/a>| <a href=\"mailto:atservice.de@gmail.com\" style=\"color: #444444; text-decoration: none;\">atservice.de@gmail.com<br \/>\n<\/a><\/div>\n<div style=\"margin-top: 8px; font-size: 12px; color: #444444;\">Web: <a href=\"https:\/\/atstransport.eu\" style=\"color: #444444; text-decoration: none;\">atstransport.eu <\/a>| <a href=\"https:\/\/atstransport.eu\/?post_type=product\" style=\"color: #444444; text-decoration: none;\">Shop <\/a>| <a href=\"https:\/\/atstransport.eu\/auftraggeber\/\" style=\"color: #444444; text-decoration: none;\">Transport Anfragen <\/a>| <a href=\"https:\/\/crm.atstransport.eu\" style=\"color: #444444; text-decoration: none;\">Kundenportal <\/a>| <a href=\"https:\/\/crm.atstransport.eu\/shop\/\" style=\"color: #444444; text-decoration: none;\">Direktbuchung <\/a>|<\/div>\n<div style=\"margin-top: 8px; font-size: 12px; color: #444444;\"><a href=\"https:\/\/atstransport.eu\/?page_id=1570\" style=\"color: #444444; text-decoration: none;\">**Allgemeine Gesch\u00e4ftsbedingungen (AGB)** <\/a>| <a href=\"https:\/\/atstransport.eu\/?page_id=3115\" style=\"color: #444444; text-decoration: none;\">**Datenschutzerkl\u00e4rung**<br \/>\n<\/a><\/div>\n<\/div>\n","protected":false},"excerpt":{"rendered":"<p>Wir sind ein kleines Transportunternehmen mit Sitz in 35099 Burgwald und suchen nach Unternehmen, die an einer langfristigen Zusammenarbeit interessiert sind. Mit unserer langj\u00e4hrigen Erfahrung und einem professionellen Team stellen wir sicher, dass Ihre Auslieferung oder Abholung reibungslos und stressfrei verl\u00e4uft. Unsere Leistungen umfassen: Zuverl\u00e4ssiger Transport von Waren und G\u00fctern [&hellip;]<\/p>\n","protected":false},"author":1,"featured_media":0,"parent":0,"menu_order":0,"comment_status":"closed","ping_status":"closed","template":"","meta":{"footnotes":""},"class_list":["post-4354","page","type-page","status-publish","hentry"],"_links":{"self":[{"href":"https:\/\/atstransport.eu\/index.php?rest_route=\/wp\/v2\/pages\/4354","targetHints":{"allow":["GET"]}}],"collection":[{"href":"https:\/\/atstransport.eu\/index.php?rest_route=\/wp\/v2\/pages"}],"about":[{"href":"https:\/\/atstransport.eu\/index.php?rest_route=\/wp\/v2\/types\/page"}],"author":[{"embeddable":true,"href":"https:\/\/atstransport.eu\/index.php?rest_route=\/wp\/v2\/users\/1"}],"replies":[{"embeddable":true,"href":"https:\/\/atstransport.eu\/index.php?rest_route=%2Fwp%2Fv2%2Fcomments&post=4354"}],"version-history":[{"count":0,"href":"https:\/\/atstransport.eu\/index.php?rest_route=\/wp\/v2\/pages\/4354\/revisions"}],"wp:attachment":[{"href":"https:\/\/atstransport.eu\/index.php?rest_route=%2Fwp%2Fv2%2Fmedia&parent=4354"}],"curies":[{"name":"wp","href":"https:\/\/api.w.org\/{rel}","templated":true}]}}