{"id":4264,"date":"2025-10-30T20:55:38","date_gmt":"2025-10-30T19:55:38","guid":{"rendered":"http:\/\/atstransport.eu\/?page_id=4264"},"modified":"2026-01-10T09:13:11","modified_gmt":"2026-01-10T08:13:11","slug":"transport-anfragen","status":"publish","type":"page","link":"https:\/\/atstransport.eu\/?page_id=4264","title":{"rendered":"Transport Anfragen"},"content":{"rendered":"<p><strong>Wir sind ein kleines Transportunternehmen mit Sitz in 35099 Burgwald<\/strong> und suchen nach Unternehmen, die an einer langfristigen Zusammenarbeit interessiert sind.<\/p>\n<p>Mit unserer langj\u00e4hrigen Erfahrung und einem professionellen Team stellen wir sicher, dass Ihr Auslieferung oder Abholung &#8211; reibungslos und stressfrei verl\u00e4uft.<\/p>\n\n\n<div class=\"wp-block-columns is-layout-flex wp-container-core-columns-is-layout-28f84493 wp-block-columns-is-layout-flex\">\n<div class=\"wp-block-column is-layout-flow wp-block-column-is-layout-flow\">\n<figure class=\"wp-block-gallery has-nested-images columns-default is-cropped wp-block-gallery-1 is-layout-flex wp-block-gallery-is-layout-flex\">\n<figure class=\"wp-block-image size-full is-style-default\"><img data-id=\"4163\" src=\"https:\/\/atstransport.eu\/wp-content\/uploads\/2025\/11\/IMG_8745.jpg\" alt=\"\" class=\"wp-image-4163\"\/><\/figure>\n<\/figure>\n<\/div>\n\n\n\n<div class=\"wp-block-column is-layout-flow wp-block-column-is-layout-flow\">\n<p><strong>Unsere Leistungen umfassen:<\/strong><\/p>\n\n\n\n<ul class=\"wp-block-list\">\n<li>&#8211; Zuverl\u00e4ssiger Transport von Waren und G\u00fctern mit Fahrzeugen bis 3,5 t<\/li>\n\n\n\n<li>-Feste Touren<\/li>\n\n\n\n<li>-Express<\/li>\n\n\n\n<li>-Sonderfahrten&nbsp;<\/li>\n\n\n\n<li>-Direktfahrten<\/li>\n\n\n\n<li>-Umz\u00fcge<\/li>\n\n\n\n<li>-Direkt auf dem Baustelle&nbsp;<\/li>\n\n\n\n<li>-Nachttransporte<\/li>\n\n\n\n<li>-Transport von Kfz-Ersatzteilen<\/li>\n\n\n\n<li>-anderen G\u00fctern<\/li>\n<\/ul>\n<\/div>\n<\/div>\n\n\n\n<p class=\"\/* === Transportanfrage Formular \u2013 Hestia Style mit Animation === *\/ .wpcf7 form {   background: #ffffff;   border: 1px solid #dce3eb;   padding: 30px;   border-radius: 12px;   max-width: 850px;   margin: 40px auto;   font-family: Arial, Helvetica, sans-serif;   box-shadow: 0 6px 15px rgba(0,0,0,0.05);   opacity: 0;   transform: translateY(40px);   animation: formFadeIn 0.8s ease-out forwards; }  \/* Animation beim Laden *\/ @keyframes formFadeIn {   to {     opacity: 1;     transform: translateY(0);   } }  \/* \u00dcberschrift *\/ .wpcf7 h3 {   text-align: center;   font-size: 24px;   font-weight: 600;   margin-bottom: 25px;   color: #004d80;   position: relative;   animation: slideIn 0.8s ease-out forwards; }  @keyframes slideIn {   from { opacity: 0; transform: translateY(-20px); }   to { opacity: 1; transform: translateY(0); } }  \/* Zweispaltiges Layout *\/ .wpcf7-form .form-row {   display: flex;   flex-wrap: wrap;   gap: 20px; }  .wpcf7-form .form-col {   flex: 1 1 calc(50% - 10px);   min-width: 260px;   animation: fadeUp 0.8s ease forwards;   opacity: 0; }  .wpcf7-form .form-col:nth-child(1) { animation-delay: 0.2s; } .wpcf7-form .form-col:nth-child(2) { animation-delay: 0.3s; } .wpcf7-form .form-col:nth-child(3) { animation-delay: 0.4s; } .wpcf7-form .form-col:nth-child(4) { animation-delay: 0.5s; }  @keyframes fadeUp {   to { opacity: 1; transform: translateY(0); }   from { opacity: 0; transform: translateY(25px); } }  \/* Labels &amp; Inputs *\/ .wpcf7-form label {   font-weight: 500;   color: #333;   font-size: 15px; }  .wpcf7-form input[type=&quot;text&quot;], .wpcf7-form input[type=&quot;email&quot;], .wpcf7-form input[type=&quot;tel&quot;], .wpcf7-form input[type=&quot;date&quot;], .wpcf7-form input[type=&quot;time&quot;], .wpcf7-form select, .wpcf7-form textarea {   width: 100%;   padding: 12px 14px;   border: 1px solid #ccd8e0;   border-radius: 6px;   font-size: 15px;   transition: 0.3s;   background-color: #f9fcff;   box-sizing: border-box; }  .wpcf7-form input:focus, .wpcf7-form select:focus, .wpcf7-form textarea:focus {   border-color: #e51d64;   box-shadow: 0 0 6px rgba(229,29,100,0.3);   outline: none; }  \/* Hover Animation auf Eingabefeldern *\/ .wpcf7-form input:hover, .wpcf7-form textarea:hover, .wpcf7-form select:hover {   transform: translateY(-2px);   box-shadow: 0 3px 8px rgba(0,0,0,0.05); }  \/* Textarea *\/ .wpcf7-form textarea {   min-height: 130px;   resize: vertical; }  \/* Button *\/ .wpcf7-submit {   background-color: #e51d64;   color: #fff;   font-size: 16px;   font-weight: 600;   padding: 14px 35px;   border: none;   border-radius: 6px;   cursor: pointer;   transition: background 0.3s, transform 0.2s, box-shadow 0.3s;   display: block;   margin: 10px auto 0;   animation: fadeUp 0.8s ease forwards;   animation-delay: 0.7s; }  .wpcf7-submit:hover {   background-color: #c21854;   transform: translateY(-3px);   box-shadow: 0 6px 15px rgba(229,29,100,0.3); }  \/* Nachricht (Response Output) *\/ .wpcf7-response-output {   margin-top: 20px;   font-weight: 500;   text-align: center;   border-radius: 6px;   animation: fadeUp 0.8s ease forwards;   animation-delay: 1s; }  \/* Responsiv *\/ @media (max-width: 768px) {   .wpcf7-form .form-row {     flex-direction: column;   } }  \u2014\u2014  \/* === Transportanfrage Formular \u2013 Hestia Style mit Icons &amp; Animation === *\/ .wpcf7 form {   background: #ffffff;   border: 1px solid #dce3eb;   padding: 35px;   border-radius: 12px;   max-width: 850px;   margin: 40px auto;   font-family: Arial, Helvetica, sans-serif;   box-shadow: 0 6px 15px rgba(0,0,0,0.05);   opacity: 0;   transform: translateY(40px);   animation: formFadeIn 0.8s ease-out forwards; }  \/* Animation beim Laden *\/ @keyframes formFadeIn {   to {     opacity: 1;     transform: translateY(0);   } }  \/* Titel *\/ .wpcf7 h3 {   text-align: center;   font-size: 24px;   font-weight: 600;   margin-bottom: 25px;   color: #004d80;   position: relative; }  \/* Zweispaltiges Layout *\/ .wpcf7-form .form-row {   display: flex;   flex-wrap: wrap;   gap: 20px; }  .wpcf7-form .form-col {   flex: 1 1 calc(50% - 10px);   min-width: 260px;   position: relative; }  \/* Label *\/ .wpcf7-form label {   font-weight: 500;   color: #333;   font-size: 15px;   display: block;   margin-bottom: 5px; }  \/* Inputs mit Icons *\/ .wpcf7-form input[type=&quot;text&quot;], .wpcf7-form input[type=&quot;email&quot;], .wpcf7-form input[type=&quot;tel&quot;], .wpcf7-form input[type=&quot;date&quot;], .wpcf7-form input[type=&quot;time&quot;], .wpcf7-form select, .wpcf7-form textarea {   width: 100%;   padding: 12px 14px 12px 40px; \/* Platz f\u00fcr Icon *\/   border: 1px solid #ccd8e0;   border-radius: 6px;   font-size: 15px;   background-color: #f9fcff;   transition: 0.3s;   box-sizing: border-box; }  .wpcf7-form input:focus, .wpcf7-form select:focus, .wpcf7-form textarea:focus {   border-color: #e51d64;   box-shadow: 0 0 6px rgba(229,29,100,0.3);   outline: none; }  \/* Hover Effekt *\/ .wpcf7-form input:hover, .wpcf7-form textarea:hover, .wpcf7-form select:hover {   transform: translateY(-2px);   box-shadow: 0 3px 8px rgba(0,0,0,0.05); }  \/* Textarea *\/ .wpcf7-form textarea {   min-height: 130px;   resize: vertical; }  \/* === Icons f\u00fcr Felder === *\/ .wpcf7-form .form-col:before {   content: &quot;&quot;;   font-family: &quot;Font Awesome 5 Free&quot;;   font-weight: 900;   position: absolute;   left: 12px;   top: 38px;   color: #004d80;   font-size: 16px;   transition: color 0.3s; }  \/* Icons zuordnen anhand von Klassen *\/ .wpcf7-form .your-name:before { content: &quot;\\f007&quot;; } \/* Benutzer *\/ .wpcf7-form .your-phone:before { content: &quot;\\f095&quot;; } \/* Telefon *\/ .wpcf7-form .your-email:before { content: &quot;\\f0e0&quot;; } \/* Email *\/ .wpcf7-form .service-type:before { content: &quot;\\f1b9&quot;; } \/* Transport *\/ .wpcf7-form .from-location:before { content: &quot;\\f124&quot;; } \/* Start *\/ .wpcf7-form .to-location:before { content: &quot;\\f101&quot;; } \/* Ziel *\/ .wpcf7-form .transport-date:before { content: &quot;\\f073&quot;; } \/* Datum *\/ .wpcf7-form .transport-time:before { content: &quot;\\f017&quot;; } \/* Uhrzeit *\/ .wpcf7-form .your-message:before { content: &quot;\\f27a&quot;; } \/* Nachricht *\/  \/* Hover-Farbe der Icons *\/ .wpcf7-form .form-col:hover:before {   color: #e51d64; }  \/* Button *\/ .wpcf7-submit {   background-color: #e51d64;   color: #fff;   font-size: 16px;   font-weight: 600;   padding: 14px 35px;   border: none;   border-radius: 6px;   cursor: pointer;   transition: background 0.3s, transform 0.2s, box-shadow 0.3s;   display: block;   margin: 20px auto 0; }  .wpcf7-submit:hover {   background-color: #c21854;   transform: translateY(-3px);   box-shadow: 0 6px 15px rgba(229,29,100,0.3); }  \/* Nachricht (Response Output) *\/ .wpcf7-response-output {   margin-top: 20px;   font-weight: 500;   text-align: center;   border-radius: 6px; }  \/* Responsiv *\/ @media (max-width: 768px) {   .wpcf7-form .form-row {     flex-direction: column;   } }\"><strong>Fahrzeug Aufbau<\/strong><\/p>\n\n\n\n<p>Laderaum-L\u00e4nge 4100 mm  &#8211; Laderaum-Breite 2248 mm  &#8211;  Laderaum-H\u00f6he 2131 mm<\/p>\n\n\n\n<p>Laderaum-Volumen 20 cbm  &#8211;  LBW Ladebordwand bis 750kg<\/p>\n\n\n\n<p><strong>Ladung Umkreis 120 km von Ort 35099 Burgwald<\/strong><\/p>\n\n\n\n<div class=\"wp-block-media-text is-stacked-on-mobile\" style=\"grid-template-columns:48% auto\"><figure class=\"wp-block-media-text__media\"><img src=\"https:\/\/atstransport.eu\/wp-content\/uploads\/2025\/10\/Objekt-2-unsmushed-1.png\" alt=\"\" class=\"wp-image-4156 size-full\"\/><\/figure><div class=\"wp-block-media-text__content\">\n<p>Nat\u00fcrlich k\u00f6nnen Sie Zahlungsmethoden nach Ihren Wunsche und Bed\u00fcrfnissen ausw\u00e4hlen, zum Beispiel Festpreis pro Ladestelle \/ Abladestelle<\/p>\n\n\n\n<p>Es gibt nat\u00fcrlich mehrere Optionalen &#8211; da m\u00fcssen wir individuell&nbsp;&nbsp;abstimmen und anpassen.<\/p>\n\n\n\n<p><\/p>\n<\/div><\/div>\n\n\n\n\n<div class=\"wpcf7 no-js\" id=\"wpcf7-f4270-o1\" lang=\"de-DE\" dir=\"ltr\" data-wpcf7-id=\"4270\">\n<div class=\"screen-reader-response\"><p role=\"status\" aria-live=\"polite\" aria-atomic=\"true\"><\/p> <ul><\/ul><\/div>\n<form action=\"\/index.php?rest_route=%2Fwp%2Fv2%2Fpages%2F4264#wpcf7-f4270-o1\" method=\"post\" class=\"wpcf7-form init\" aria-label=\"Kontaktformular\" novalidate=\"novalidate\" data-status=\"init\">\n<fieldset class=\"hidden-fields-container\"><input type=\"hidden\" name=\"_wpcf7\" value=\"4270\" \/><input type=\"hidden\" name=\"_wpcf7_version\" value=\"6.1.5\" \/><input type=\"hidden\" name=\"_wpcf7_locale\" value=\"de_DE\" \/><input type=\"hidden\" name=\"_wpcf7_unit_tag\" value=\"wpcf7-f4270-o1\" \/><input type=\"hidden\" name=\"_wpcf7_container_post\" value=\"0\" \/><input type=\"hidden\" name=\"_wpcf7_posted_data_hash\" value=\"\" \/>\n<\/fieldset>\n<h3>Transport anfragen\n<\/h3>\n<p>F\u00fcllen Sie bitte das Formular aus \u2013 wir kontaktieren Sie, um die Details und den Preis zu besprechen.\n<\/p>\n<p><label> Ihr Name *<br \/>\n<span class=\"wpcf7-form-control-wrap\" data-name=\"your-name\"><input size=\"40\" maxlength=\"400\" class=\"wpcf7-form-control wpcf7-text wpcf7-validates-as-required\" aria-required=\"true\" aria-invalid=\"false\" placeholder=\"Ihr Name\" value=\"\" type=\"text\" name=\"your-name\" \/><\/span><br \/>\n<\/label>\n<\/p>\n<p><label> Telefonnummer *<br \/>\n<span class=\"wpcf7-form-control-wrap\" data-name=\"your-phone\"><input size=\"40\" maxlength=\"400\" class=\"wpcf7-form-control wpcf7-tel wpcf7-validates-as-required wpcf7-text wpcf7-validates-as-tel\" aria-required=\"true\" aria-invalid=\"false\" placeholder=\"+49 (___) ___-____\" value=\"\" type=\"tel\" name=\"your-phone\" \/><\/span><br \/>\n<\/label>\n<\/p>\n<p><label> E-Mail<br \/>\n<span class=\"wpcf7-form-control-wrap\" data-name=\"your-email\"><input size=\"40\" maxlength=\"400\" class=\"wpcf7-form-control wpcf7-email wpcf7-text wpcf7-validates-as-email\" aria-invalid=\"false\" placeholder=\"Ihre E-Mail-Adresse (optional)\" value=\"\" type=\"email\" name=\"your-email\" \/><\/span><br \/>\n<\/label>\n<\/p>\n<p><label> Art der Dienstleistung *<br \/>\n<span class=\"wpcf7-form-control-wrap\" data-name=\"service-type\"><select class=\"wpcf7-form-control wpcf7-select wpcf7-validates-as-required\" aria-required=\"true\" aria-invalid=\"false\" name=\"service-type\"><option value=\"G\u00fctertransport\">G\u00fctertransport<\/option><option value=\"Umzug\">Umzug<\/option><option value=\"Lieferung von Waren\">Lieferung von Waren<\/option><option value=\"Fahrzeug mit Fahrer mieten\">Fahrzeug mit Fahrer mieten<\/option><option value=\"Sonstiges\">Sonstiges<\/option><\/select><\/span><br \/>\n<\/label>\n<\/p>\n<p><label> Abholort (Stadt, Adresse) *<br \/>\n<span class=\"wpcf7-form-control-wrap\" data-name=\"from-location\"><input size=\"40\" maxlength=\"400\" class=\"wpcf7-form-control wpcf7-text wpcf7-validates-as-required\" aria-required=\"true\" aria-invalid=\"false\" placeholder=\"z. B. Berlin, Alexanderplatz 1\" value=\"\" type=\"text\" name=\"from-location\" \/><\/span><br \/>\n<\/label>\n<\/p>\n<p><label> Zielort (Stadt, Adresse) *<br \/>\n<span class=\"wpcf7-form-control-wrap\" data-name=\"to-location\"><input size=\"40\" maxlength=\"400\" class=\"wpcf7-form-control wpcf7-text wpcf7-validates-as-required\" aria-required=\"true\" aria-invalid=\"false\" placeholder=\"z. B. M\u00fcnchen, Marienplatz 10\" value=\"\" type=\"text\" name=\"to-location\" \/><\/span><br \/>\n<\/label>\n<\/p>\n<p><label> Entfernung (in km) *<br \/>\n<span class=\"wpcf7-form-control-wrap\" data-name=\"distance\"><input class=\"wpcf7-form-control wpcf7-number wpcf7-validates-as-required wpcf7-validates-as-number\" min=\"1\" aria-required=\"true\" aria-invalid=\"false\" placeholder=\"z. B. 250\" value=\"\" type=\"number\" name=\"distance\" \/><\/span><br \/>\n<\/label>\n<\/p>\n<p><strong>Gesch\u00e4tzter Preis:<\/strong><span id=\"calculated-price\">\u2013<\/span>\n<\/p>\n<p><label> Gew\u00fcnschtes Datum und Uhrzeit<br \/>\n<span class=\"wpcf7-form-control-wrap\" data-name=\"transport-date\"><input class=\"wpcf7-form-control wpcf7-date wpcf7-validates-as-date\" aria-invalid=\"false\" placeholder=\"Datum w\u00e4hlen\" value=\"\" type=\"date\" name=\"transport-date\" \/><\/span><br \/>\n<\/label>\n<\/p>\n<p><label> Zus\u00e4tzliche Informationen<br \/>\n<span class=\"wpcf7-form-control-wrap\" data-name=\"your-message\"><textarea cols=\"40\" rows=\"10\" maxlength=\"2000\" class=\"wpcf7-form-control wpcf7-textarea\" aria-invalid=\"false\" placeholder=\"z. B. Gewicht der Ladung, Fahrzeugtyp, besondere Bedingungen...\" name=\"your-message\"><\/textarea><\/span><br \/>\n<\/label>\n<\/p>\n<p><input class=\"wpcf7-form-control wpcf7-submit has-spinner\" type=\"submit\" value=\"Anfrage senden\" \/>\n<\/p><div class=\"wpcf7-response-output\" aria-hidden=\"true\"><\/div>\n<\/form>\n<\/div>\n\n\n\n<div class=\"wp-block-post-author\"><div class=\"wp-block-post-author__avatar\"><img alt='' src='https:\/\/atstransport.eu\/wp-content\/uploads\/avatars\/1\/1761479861-bpfull.png?d=https:\/\/atstransport.eu\/wp-content\/plugins\/userswp\/assets\/images\/no_profile.png' srcset='https:\/\/atstransport.eu\/wp-content\/uploads\/avatars\/1\/1761479861-bpfull.png?d=https:\/\/atstransport.eu\/wp-content\/plugins\/userswp\/assets\/images\/no_profile.png 2x' class='avatar avatar-96 photo' height='96' width='96' \/><\/div><div class=\"wp-block-post-author__content\"><p class=\"wp-block-post-author__name\"><a href=\"https:\/\/atstransport.eu\/?page_id=5013\/admin\" target=\"_blank\">Alexander<\/a><\/p><p class=\"wp-block-post-author__bio\">Inhaber ATSTransport<\/p><\/div><\/div>\n\n<div class=\"wp-block-post-excerpt\"><p class=\"wp-block-post-excerpt__excerpt\">Bei Kosten Verschlag Fragen bitte Tel: 015140141801 <\/p><\/div>\n\n\n\n<div id=\"paypal-float-button\">\n  <a href=\"https:\/\/www.paypal.com\/paypalme\/ATSTransportEU\" \n     target=\"_blank\" rel=\"noopener noreferrer\" data-tooltip=\"\u041e\u043f\u043b\u0430\u0442\u0438\u0442\u044c \u0437\u0430\u043a\u0430\u0437 \u0447\u0435\u0440\u0435\u0437 PayPal\">\n    <svg viewBox=\"0 0 24 24\" xmlns=\"http:\/\/www.w3.org\/2000\/svg\">\n      <path fill=\"#ffffff\" d=\"M21.5 6.5c-.3-1.1-1.1-2-2.2-2.5C18.3 3.4 17.1 3.1 15.8 3H7.7c-.5 0-.9.4-1 .8L4 19.2c0 .4.2.8.7.8h3c.4 0 .8-.3.9-.7l.5-2.7c.1-.4.4-.7.9-.7h1.7c3.8 0 6.8-1.6 7.6-5.7.2-.9.2-1.7.2-2.4 0-.4 0-.9-.1-1.3zM16.9 9c-.4 2.3-2.2 3.2-4.4 3.2h-1.8c-.5 0-.8.3-.9.7l-.3 1.6-.5 2.8h-1.6l2.3-12.5h5.3c1.1 0 2.1.3 2.8.8.7.5 1.1 1.2 1.1 2.1 0 .5 0 .9-.1 1.3-.1.3-.1.6-.1 1z\"\/>\n    <\/svg>\n    <span>Pay with PayPal<\/span>\n  <\/a>\n<\/div>\n\n<style>\n#paypal-float-button {\n  position: fixed;\n  right: 18px;\n  bottom: 160px; \/* \u0447\u0443\u0442\u044c \u0432\u044b\u0448\u0435 Telegram\/WhatsApp *\/\n  z-index: 9999;\n  animation: fadeInUp 0.8s ease forwards;\n}\n\n\/* \u0421\u0442\u0438\u043b\u0438 \u043a\u043d\u043e\u043f\u043a\u0438 *\/\n#paypal-float-button a {\n  display: flex;\n  align-items: center;\n  gap: 10px;\n  padding: 12px 20px;\n  background: rgba(0, 92, 255, 0.9);\n  border-radius: 40px;\n  color: #fff;\n  font-weight: 600;\n  text-decoration: none;\n  font-size: 15px;\n  letter-spacing: 0.3px;\n  box-shadow: 0 6px 15px rgba(0,0,0,0.25);\n  transition: all 0.3s ease;\n  backdrop-filter: blur(6px);\n  position: relative;\n}\n\n#paypal-float-button svg {\n  width: 26px;\n  height: 26px;\n  fill: #fff;\n  transition: transform 0.3s ease;\n}\n\n#paypal-float-button a:hover {\n  background: linear-gradient(135deg, #0070ba, #1546a0);\n  transform: translateY(-3px);\n  box-shadow: 0 10px 25px rgba(0,0,0,0.35);\n}\n\n#paypal-float-button a:hover svg {\n  transform: rotate(-8deg) scale(1.05);\n}\n\n\/* \u041f\u043e\u0434\u0441\u043a\u0430\u0437\u043a\u0430 *\/\n#paypal-float-button a::after {\n  content: attr(data-tooltip);\n  position: absolute;\n  right: 110%;\n  top: 50%;\n  transform: translateY(-50%);\n  background: rgba(0,0,0,0.85);\n  color: #fff;\n  padding: 6px 10px;\n  border-radius: 6px;\n  font-size: 13px;\n  white-space: nowrap;\n  opacity: 0;\n  pointer-events: none;\n  transition: opacity 0.25s ease;\n}\n\n#paypal-float-button a:hover::after {\n  opacity: 1;\n}\n\n\/* \u0410\u043d\u0438\u043c\u0430\u0446\u0438\u044f \u043f\u043e\u044f\u0432\u043b\u0435\u043d\u0438\u044f *\/\n@keyframes fadeInUp {\n  0% { opacity: 0; transform: translateY(30px); }\n  100% { opacity: 1; transform: translateY(0); }\n}\n\n\/* \u041c\u043e\u0431\u0438\u043b\u044c\u043d\u0430\u044f \u0430\u0434\u0430\u043f\u0442\u0430\u0446\u0438\u044f *\/\n@media (max-width: 600px) {\n  #paypal-float-button {\n    bottom: 120px;\n    right: 12px;\n  }\n  #paypal-float-button a {\n    padding: 10px 16px;\n    font-size: 14px;\n  }\n  #paypal-float-button span {\n    display: none; \/* \u0441\u043a\u0440\u044b\u0432\u0430\u0435\u043c \u0442\u0435\u043a\u0441\u0442, \u043e\u0441\u0442\u0430\u0432\u043b\u044f\u0435\u043c \u0438\u043a\u043e\u043d\u043a\u0443 *\/\n  }\n  #paypal-float-button a::after {\n    display: none;\n  }\n}\n<\/style>\n\n<div id=\"paypal-float-btn\">\n  <button id=\"openPayPalModal\">\n    <svg viewBox=\"0 0 24 24\">\n      <path fill=\"#fff\" d=\"M21.5 6.5c-.3-1.1-1.1-2-2.2-2.5C18.3 3.4 17.1 3.1 15.8 3H7.7c-.5 0-.9.4-1 .8L4 19.2c0 .4.2.8.7.8h3c.4 0 .8-.3.9-.7l.5-2.7c.1-.4.4-.7.9-.7h1.7c3.8 0 6.8-1.6 7.6-5.7.2-.9.2-1.7.2-2.4 0-.4 0-.9-.1-1.3zM16.9 9c-.4 2.3-2.2 3.2-4.4 3.2h-1.8c-.5 0-.8.3-.9.7l-.3 1.6-.5 2.8h-1.6l2.3-12.5h5.3c1.1 0 2.1.3 2.8.8.7.5 1.1 1.2 1.1 2.1 0 .5 0 .9-.1 1.3-.1.3-.1.6-.1 1z\"\/>\n    <\/svg>\n    <span>Pay with PayPal<\/span>\n  <\/button>\n<\/div>\n\n<!-- \u041c\u043e\u0434\u0430\u043b\u044c\u043d\u043e\u0435 \u043e\u043a\u043d\u043e -->\n<div id=\"paypalModal\" class=\"paypal-modal\">\n  <div class=\"paypal-modal-content\">\n    <span class=\"close-modal\">&times;<\/span>\n    <h3>Bezahlen Sie f\u00fcr die Bestellung<\/h3>\n    <p>W\u00e4hlen Sie den Zahlungsbetrag:<\/p>\n\n    <div class=\"amount-options\">\n      <button class=\"amount-btn\" data-amount=\"50\">50 \u20ac<\/button>\n      <button class=\"amount-btn\" data-amount=\"100\">100 \u20ac<\/button>\n      <button class=\"amount-btn\" data-amount=\"150\">150 \u20ac<\/button>\n    <\/div>\n\n    <a id=\"https:\/\/www.paypal.com\/paypalme\/ATSTransportEU\" href=\"https:\/\/www.paypal.com\/paypalme\/ATSTransportEU\" target=\"_blank\" class=\"paypal-action-btn\">Gehe zur Zahlung<\/a>\n  <\/div>\n<\/div>\n\n<style>\n\/* ===== \u041f\u043b\u0430\u0432\u0430\u044e\u0449\u0430\u044f \u043a\u043d\u043e\u043f\u043a\u0430 ===== *\/\n#paypal-float-btn {\n  position: fixed;\n  right: 18px;\n  bottom: 55px;\n  z-index: 9999;\n  animation: fadeInUp 0.8s ease forwards;\n}\n#paypal-float-btn button {\n  display: flex;\n  align-items: center;\n  gap: 10px;\n  padding: 12px 20px;\n  background: linear-gradient(135deg, #0070ba, #003087);\n  border-radius: 40px;\n  border: none;\n  color: #fff;\n  font-weight: 600;\n  cursor: pointer;\n  font-size: 15px;\n  box-shadow: 0 6px 15px rgba(0,0,0,0.25);\n  transition: all 0.3s ease;\n}\n#paypal-float-btn button:hover {\n  transform: translateY(-3px);\n  box-shadow: 0 10px 25px rgba(0,0,0,0.35);\n}\n#paypal-float-btn svg {\n  width: 26px;\n  height: 26px;\n  fill: #fff;\n}\n@keyframes fadeInUp {\n  0% {opacity:0; transform:translateY(30px);}\n  100% {opacity:1; transform:translateY(0);}\n}\n\n\/* ===== \u041c\u043e\u0434\u0430\u043b\u044c\u043d\u043e\u0435 \u043e\u043a\u043d\u043e ===== *\/\n.paypal-modal {\n  display: none;\n  position: fixed;\n  z-index: 10000;\n  left: 0; top: 0;\n  width: 100%; height: 100%;\n  background: rgba(0,0,0,0.6);\n  backdrop-filter: blur(2px);\n  justify-content: center;\n  align-items: center;\n}\n.paypal-modal-content {\n  background: #fff;\n  padding: 30px 25px;\n  border-radius: 12px;\n  text-align: center;\n  max-width: 320px;\n  width: 90%;\n  position: relative;\n  animation: popUp 0.4s ease forwards;\n}\n@keyframes popUp {\n  0% {transform: scale(0.8); opacity:0;}\n  100% {transform: scale(1); opacity:1;}\n}\n.paypal-modal-content h3 {\n  margin-bottom: 10px;\n  color: #003087;\n}\n.amount-options {\n  display: flex;\n  justify-content: space-around;\n  margin: 20px 0;\n}\n.amount-btn {\n  background: #f6f6f6;\n  border: 2px solid #0070ba;\n  color: #0070ba;\n  padding: 8px 16px;\n  border-radius: 8px;\n  font-weight: 600;\n  cursor: pointer;\n  transition: all 0.25s ease;\n}\n.amount-btn:hover, .amount-btn.active {\n  background: #0070ba;\n  color: #fff;\n}\n.paypal-action-btn {\n  display: inline-block;\n  background: #ffc439;\n  color: #111;\n  padding: 10px 20px;\n  border-radius: 6px;\n  font-weight: 600;\n  text-decoration: none;\n  transition: all 0.3s ease;\n}\n.paypal-action-btn:hover {\n  background: #ffb600;\n}\n.close-modal {\n  position: absolute;\n  top: 10px;\n  right: 14px;\n  font-size: 22px;\n  cursor: pointer;\n  color: #999;\n  transition: 0.3s;\n}\n.close-modal:hover {color:#000;}\n<\/style>\n\n<script>\nconst modal = document.getElementById(\"paypalModal\");\nconst openBtn = document.getElementById(\"openPayPalModal\");\nconst closeBtn = document.querySelector(\".close-modal\");\nconst amountButtons = document.querySelectorAll(\".amount-btn\");\nconst paypalLink = document.getElementById(\"paypalLink\");\n\nopenBtn.onclick = () => modal.style.display = \"flex\";\ncloseBtn.onclick = () => modal.style.display = \"none\";\nwindow.onclick = e => { if (e.target === modal) modal.style.display = \"none\"; };\n\namountButtons.forEach(btn => {\n  btn.addEventListener(\"click\", () => {\n    amountButtons.forEach(b => b.classList.remove(\"active\"));\n    btn.classList.add(\"active\");\n    const amount = btn.dataset.amount;\n    paypalLink.href = `https:\/\/www.paypal.com\/paypalme\/\u0412\u0410\u0428_\u0410\u041a\u041a\u0410\u0423\u041d\u0422\/${amount}`;\n  });\n});\n<\/script>\n\n\n\n","protected":false},"excerpt":{"rendered":"<p>Bei Kosten Verschlag Fragen bitte Tel: 015140141801<\/p>\n","protected":false},"author":1,"featured_media":5077,"parent":0,"menu_order":0,"comment_status":"closed","ping_status":"closed","template":"","meta":{"footnotes":""},"class_list":["post-4264","page","type-page","status-publish","has-post-thumbnail","hentry"],"_links":{"self":[{"href":"https:\/\/atstransport.eu\/index.php?rest_route=\/wp\/v2\/pages\/4264","targetHints":{"allow":["GET"]}}],"collection":[{"href":"https:\/\/atstransport.eu\/index.php?rest_route=\/wp\/v2\/pages"}],"about":[{"href":"https:\/\/atstransport.eu\/index.php?rest_route=\/wp\/v2\/types\/page"}],"author":[{"embeddable":true,"href":"https:\/\/atstransport.eu\/index.php?rest_route=\/wp\/v2\/users\/1"}],"replies":[{"embeddable":true,"href":"https:\/\/atstransport.eu\/index.php?rest_route=%2Fwp%2Fv2%2Fcomments&post=4264"}],"version-history":[{"count":0,"href":"https:\/\/atstransport.eu\/index.php?rest_route=\/wp\/v2\/pages\/4264\/revisions"}],"wp:featuredmedia":[{"embeddable":true,"href":"https:\/\/atstransport.eu\/index.php?rest_route=\/wp\/v2\/media\/5077"}],"wp:attachment":[{"href":"https:\/\/atstransport.eu\/index.php?rest_route=%2Fwp%2Fv2%2Fmedia&parent=4264"}],"curies":[{"name":"wp","href":"https:\/\/api.w.org\/{rel}","templated":true}]}}